{"id":107,"date":"2024-09-05T14:24:10","date_gmt":"2024-09-05T12:24:10","guid":{"rendered":"https:\/\/champagneactie.lionsalmerehelpen.nl\/?page_id=107"},"modified":"2025-03-23T14:42:16","modified_gmt":"2025-03-23T13:42:16","slug":"proeverij","status":"publish","type":"page","link":"https:\/\/champagneactie.lionsalmerehelpen.nl\/de\/proeverij\/","title":{"rendered":"Proeverij24"},"content":{"rendered":"<div data-elementor-type=\"wp-page\" data-elementor-id=\"107\" class=\"elementor elementor-107\">\n\t\t\t\t<div class=\"elementor-element elementor-element-743c97a e-flex e-con-boxed e-con e-parent\" data-id=\"743c97a\" data-element_type=\"container\">\n\t\t\t\t\t<div class=\"e-con-inner\">\n\t\t\t\t<div class=\"elementor-element elementor-element-7c80ae9 elementor-widget elementor-widget-image\" data-id=\"7c80ae9\" data-element_type=\"widget\" data-widget_type=\"image.default\">\n\t\t\t\t<div class=\"elementor-widget-container\">\n\t\t\t\t\t\t\t\t\t\t\t\t\t\t\t<img fetchpriority=\"high\" decoding=\"async\" width=\"722\" height=\"1024\" src=\"https:\/\/champagneactie.lionsalmerehelpen.nl\/wp-content\/uploads\/2024\/10\/Champagne-actie-722x1024.jpg\" class=\"attachment-large size-large wp-image-668\" alt=\"\" srcset=\"https:\/\/champagneactie.lionsalmerehelpen.nl\/wp-content\/uploads\/2024\/10\/Champagne-actie-722x1024.jpg 722w, https:\/\/champagneactie.lionsalmerehelpen.nl\/wp-content\/uploads\/2024\/10\/Champagne-actie-scaled-600x851.jpg 600w, https:\/\/champagneactie.lionsalmerehelpen.nl\/wp-content\/uploads\/2024\/10\/Champagne-actie-211x300.jpg 211w, https:\/\/champagneactie.lionsalmerehelpen.nl\/wp-content\/uploads\/2024\/10\/Champagne-actie-768x1090.jpg 768w, https:\/\/champagneactie.lionsalmerehelpen.nl\/wp-content\/uploads\/2024\/10\/Champagne-actie-1082x1536.jpg 1082w, https:\/\/champagneactie.lionsalmerehelpen.nl\/wp-content\/uploads\/2024\/10\/Champagne-actie-1443x2048.jpg 1443w, https:\/\/champagneactie.lionsalmerehelpen.nl\/wp-content\/uploads\/2024\/10\/Champagne-actie-scaled.jpg 1804w\" sizes=\"(max-width: 722px) 100vw, 722px\" \/>\t\t\t\t\t\t\t\t\t\t\t\t\t\t\t<\/div>\n\t\t\t\t<\/div>\n\t\t\t\t\t<\/div>\n\t\t\t\t<\/div>\n\t\t<div class=\"elementor-element elementor-element-2fd1884 e-flex e-con-boxed e-con e-parent\" data-id=\"2fd1884\" data-element_type=\"container\">\n\t\t\t\t\t<div class=\"e-con-inner\">\n\t\t\t\t<div class=\"elementor-element elementor-element-234e94f elementor-widget elementor-widget-text-editor\" data-id=\"234e94f\" data-element_type=\"widget\" data-widget_type=\"text-editor.default\">\n\t\t\t\t<div class=\"elementor-widget-container\">\n\t\t\t\t\t\t\t\t\t<p>Reservieren Sie in Ihrem Kalender und registrieren Sie sich.<\/p>\t\t\t\t\t\t\t\t<\/div>\n\t\t\t\t<\/div>\n\t\t\t\t\t<\/div>\n\t\t\t\t<\/div>\n\t\t<div class=\"elementor-element elementor-element-93239b9 e-flex e-con-boxed e-con e-parent\" data-id=\"93239b9\" data-element_type=\"container\">\n\t\t\t\t\t<div class=\"e-con-inner\">\n\t\t\t\t<div class=\"elementor-element elementor-element-d761670 elementor-widget elementor-widget-text-editor\" data-id=\"d761670\" data-element_type=\"widget\" data-widget_type=\"text-editor.default\">\n\t\t\t\t<div class=\"elementor-widget-container\">\n\t\t\t\t\t\t\t\t\t<p>\n<div class=\"wpcf7 no-js\" id=\"wpcf7-f576-o1\" lang=\"nl-NL\" dir=\"ltr\" data-wpcf7-id=\"576\">\n<div class=\"screen-reader-response\"><p role=\"status\" aria-live=\"polite\" aria-atomic=\"true\"><\/p> <ul><\/ul><\/div>\n<form action=\"\/de\/wp-json\/wp\/v2\/pages\/107#wpcf7-f576-o1\" method=\"post\" class=\"wpcf7-form init\" aria-label=\"Contactformulier\" novalidate=\"novalidate\" data-status=\"init\" data-trp-original-action=\"\/de\/wp-json\/wp\/v2\/pages\/107#wpcf7-f576-o1\">\n<fieldset class=\"hidden-fields-container\"><input type=\"hidden\" name=\"_wpcf7\" value=\"576\" \/><input type=\"hidden\" name=\"_wpcf7_version\" value=\"6.1.3\" \/><input type=\"hidden\" name=\"_wpcf7_locale\" value=\"nl_NL\" \/><input type=\"hidden\" name=\"_wpcf7_unit_tag\" value=\"wpcf7-f576-o1\" \/><input type=\"hidden\" name=\"_wpcf7_container_post\" value=\"0\" \/><input type=\"hidden\" name=\"_wpcf7_posted_data_hash\" value=\"\" \/><input type=\"hidden\" name=\"_uacf7_hidden_conditional_fields\" value=\"\" \/>\n<\/fieldset>\n\t\t\t\t<style>\n\t\t\t\t\t.uacf7-uacf7style-576 label {\n\t\t\t\t\t\tcolor: #02468f;font-size: 18px;font-family: Nunito Sans;font-style: normal;font-weight: normal;\t\t\t\t\t}\n\n\t\t\t\t\t.uacf7-uacf7style-576 input[type=\"email\"],\n\t\t\t\t\t.uacf7-uacf7style-576 input[type=\"number\"],\n\t\t\t\t\t.uacf7-uacf7style-576 input[type=\"password\"],\n\t\t\t\t\t.uacf7-uacf7style-576 input[type=\"search\"],\n\t\t\t\t\t.uacf7-uacf7style-576 input[type=\"tel\"],\n\t\t\t\t\t.uacf7-uacf7style-576 input[type=\"text\"],\n\t\t\t\t\t.uacf7-uacf7style-576 input[type=\"url\"],\n\t\t\t\t\t.uacf7-uacf7style-576 input[type=\"date\"],\n\t\t\t\t\t.uacf7-uacf7style-576 input[type=\"radio\"],\n\t\t\t\t\t.uacf7-uacf7style-576 input[type=\"checkbox\"],\n\t\t\t\t\t.uacf7-uacf7style-576 select,\n\t\t\t\t\t.uacf7-uacf7style-576 textarea {\n\t\t\t\t\t\tcolor: #02468f;font-size: 18px;font-family: Nunito Sans;font-style: normal;font-weight: normal;border-style: solid!important;\t\t\t\t\t}\n\n\t\t\t\t\t.uacf7-uacf7style-576 .wpcf7-radio span,\n\t\t\t\t\t.uacf7-uacf7style-576 .wpcf7-checkbox span {\n\t\t\t\t\t\tcolor: #02468f;font-size: 18px;font-family: Nunito Sans;font-style: normal;font-weight: normal;\t\t\t\t\t}\n\n\t\t\t\t\t.uacf7-uacf7style-576 textarea {\n\t\t\t\t\t\t\t\t\t\t\t}\n\n\t\t\t\t\t.wpcf7-form-control-wrap select {\n\t\t\t\t\t\twidth: 100%;\n\t\t\t\t\t}\n\n\t\t\t\t\t.uacf7-uacf7style-576 input[type=\"submit\"] {\n\t\t\t\t\t\tcolor: #ffffff;background-color: #02468f;font-size: 18px;font-family: Nunito Sans;font-style: normal;font-weight: normal;border-width: 1px;border-color: #fed201;border-style: none;border-radius: 6px;padding-top: 4px;padding-right: 4px;padding-bottom: 4px;padding-left: 4px;\t\t\t\t\t}\n\n\t\t\t\t\t.uacf7-uacf7style-576 input[type=\"submit\"]:hover {\n\t\t\t\t\t\tcolor: #ffffff;background-color: #fed201;\t\t\t\t\t}\n\n\t\t\t\t\t\t\t\t\t<\/style>\n\n\t\t\t\t<div class=\"uacf7-uacf7style uacf7-uacf7style-576\"><div class=\"uacf7-form-wrapper-container uacf7-form-576  uacf7-uacf7style uacf7-uacf7style-576\"><label> Vorname*\n    <span class=\"wpcf7-form-control-wrap\" data-name=\"voornaam\"><input size=\"40\" maxlength=\"400\" class=\"wpcf7-form-control wpcf7-text wpcf7-validates-as-required\" autocomplete=\"name\" aria-required=\"true\" aria-invalid=\"false\" value=\"\" type=\"text\" name=\"voornaam\" \/><\/span> <\/label>\n\n<label> Nachname*\n    <span class=\"wpcf7-form-control-wrap\" data-name=\"achternaam\"><input size=\"40\" maxlength=\"400\" class=\"wpcf7-form-control wpcf7-text wpcf7-validates-as-required\" autocomplete=\"name\" aria-required=\"true\" aria-invalid=\"false\" value=\"\" type=\"text\" name=\"achternaam\" \/><\/span> <\/label>\n\n<label> E-Mail-Adresse*\n    <span class=\"wpcf7-form-control-wrap\" data-name=\"your-email\"><input size=\"40\" maxlength=\"400\" class=\"wpcf7-form-control wpcf7-email wpcf7-validates-as-required wpcf7-text wpcf7-validates-as-email\" autocomplete=\"email\" aria-required=\"true\" aria-invalid=\"false\" value=\"\" type=\"email\" name=\"your-email\" \/><\/span> <\/label>\n\n<label> Ich komme mit <\/label><span class=\"wpcf7-form-control-wrap\" data-name=\"radio-862\"><span class=\"wpcf7-form-control wpcf7-radio\"><span class=\"wpcf7-list-item first\"><label><input type=\"radio\" name=\"radio-862\" value=\"1\" checked=\"checked\" \/><span class=\"wpcf7-list-item-label\">1<\/span><\/label><\/span><span class=\"wpcf7-list-item\"><label><input type=\"radio\" name=\"radio-862\" value=\"2\" \/><span class=\"wpcf7-list-item-label\">2<\/span><\/label><\/span><span class=\"wpcf7-list-item last\"><label><input type=\"radio\" name=\"radio-862\" value=\"3\" \/><span class=\"wpcf7-list-item-label\">3<\/span><\/label><\/span><\/span><\/span><label> Personen <\/label>\n\n<span class=\"wpcf7-form-control-wrap\" data-name=\"acties\"><span class=\"wpcf7-form-control wpcf7-checkbox\"><span class=\"wpcf7-list-item first last\"><label><input type=\"checkbox\" name=\"acties[]\" value=\"Lionclubs Almere mogen mij benaderen voor hun andere acties voor het goede doel.\" \/><span class=\"wpcf7-list-item-label\">Lion Clubs Almere k\u00f6nnen mich f\u00fcr andere Wohlt\u00e4tigkeitsaktionen kontaktieren.<\/span><\/label><\/span><\/span><\/span>\n<span class=\"wpcf7-form-control-wrap\" data-name=\"privacy\"><span class=\"wpcf7-form-control wpcf7-checkbox wpcf7-validates-as-required\"><span class=\"wpcf7-list-item first last\"><label><input type=\"checkbox\" name=\"privacy[]\" value=\"Ik ben akkoord met het gebruik van mijn gegevens.\" \/><span class=\"wpcf7-list-item-label\">Ich stimme der Verwendung meiner Daten zu<\/span><\/label><\/span><\/span><\/span>\n<label> <\/label>\n\n<input class=\"wpcf7-form-control wpcf7-submit has-spinner\" type=\"submit\" value=\"Schicken\" \/><\/div><\/div><div class=\"wpcf7-response-output\" aria-hidden=\"true\"><\/div>\n<input type=\"hidden\" name=\"trp-form-language\" value=\"de\"\/><\/form>\n<\/div>\n<\/p>\t\t\t\t\t\t\t\t<\/div>\n\t\t\t\t<\/div>\n\t\t\t\t\t<\/div>\n\t\t\t\t<\/div>\n\t\t\t\t<\/div>","protected":false},"excerpt":{"rendered":"<p>Reservieren Sie in Ihrem Kalender und registrieren Sie sich.<\/p>","protected":false},"author":1,"featured_media":0,"parent":0,"menu_order":0,"comment_status":"closed","ping_status":"closed","template":"","meta":{"footnotes":""},"class_list":["post-107","page","type-page","status-publish","hentry"],"blocksy_meta":[],"jetpack_sharing_enabled":true,"_links":{"self":[{"href":"https:\/\/champagneactie.lionsalmerehelpen.nl\/de\/wp-json\/wp\/v2\/pages\/107","targetHints":{"allow":["GET"]}}],"collection":[{"href":"https:\/\/champagneactie.lionsalmerehelpen.nl\/de\/wp-json\/wp\/v2\/pages"}],"about":[{"href":"https:\/\/champagneactie.lionsalmerehelpen.nl\/de\/wp-json\/wp\/v2\/types\/page"}],"author":[{"embeddable":true,"href":"https:\/\/champagneactie.lionsalmerehelpen.nl\/de\/wp-json\/wp\/v2\/users\/1"}],"replies":[{"embeddable":true,"href":"https:\/\/champagneactie.lionsalmerehelpen.nl\/de\/wp-json\/wp\/v2\/comments?post=107"}],"version-history":[{"count":145,"href":"https:\/\/champagneactie.lionsalmerehelpen.nl\/de\/wp-json\/wp\/v2\/pages\/107\/revisions"}],"predecessor-version":[{"id":1005,"href":"https:\/\/champagneactie.lionsalmerehelpen.nl\/de\/wp-json\/wp\/v2\/pages\/107\/revisions\/1005"}],"wp:attachment":[{"href":"https:\/\/champagneactie.lionsalmerehelpen.nl\/de\/wp-json\/wp\/v2\/media?parent=107"}],"curies":[{"name":"wp","href":"https:\/\/api.w.org\/{rel}","templated":true}]}}