{"id":109,"date":"2024-09-05T18:07:34","date_gmt":"2024-09-05T16:07:34","guid":{"rendered":"https:\/\/champagneactie.lionsalmerehelpen.nl\/?page_id=109"},"modified":"2024-10-06T08:00:39","modified_gmt":"2024-10-06T06:00:39","slug":"contact","status":"publish","type":"page","link":"https:\/\/champagneactie.lionsalmerehelpen.nl\/de\/contact\/","title":{"rendered":"Contact"},"content":{"rendered":"<div data-elementor-type=\"wp-page\" data-elementor-id=\"109\" class=\"elementor elementor-109\">\n\t\t\t\t<div class=\"elementor-element elementor-element-f2b3bf8 e-flex e-con-boxed e-con e-parent\" data-id=\"f2b3bf8\" data-element_type=\"container\">\n\t\t\t\t\t<div class=\"e-con-inner\">\n\t\t\t\t<div class=\"elementor-element elementor-element-f79d179 elementor-widget elementor-widget-heading\" data-id=\"f79d179\" data-element_type=\"widget\" data-widget_type=\"heading.default\">\n\t\t\t\t<div class=\"elementor-widget-container\">\n\t\t\t\t\t<h2 class=\"elementor-heading-title elementor-size-default\">\u00fcber uns<\/h2>\t\t\t\t<\/div>\n\t\t\t\t<\/div>\n\t\t\t\t\t<\/div>\n\t\t\t\t<\/div>\n\t\t<div class=\"elementor-element elementor-element-f811bc8 e-grid e-con-boxed e-con e-parent\" data-id=\"f811bc8\" data-element_type=\"container\">\n\t\t\t\t\t<div class=\"e-con-inner\">\n\t\t\t\t<div class=\"elementor-element elementor-element-9f30eee elementor-widget elementor-widget-image\" data-id=\"9f30eee\" data-element_type=\"widget\" data-widget_type=\"image.default\">\n\t\t\t\t<div class=\"elementor-widget-container\">\n\t\t\t\t\t\t\t\t\t\t\t\t\t\t\t<img fetchpriority=\"high\" decoding=\"async\" width=\"603\" height=\"455\" src=\"https:\/\/champagneactie.lionsalmerehelpen.nl\/wp-content\/uploads\/2024\/10\/IMG-20240930-WA0006.jpg\" class=\"attachment-large size-large wp-image-588\" alt=\"\" srcset=\"https:\/\/champagneactie.lionsalmerehelpen.nl\/wp-content\/uploads\/2024\/10\/IMG-20240930-WA0006.jpg 603w, https:\/\/champagneactie.lionsalmerehelpen.nl\/wp-content\/uploads\/2024\/10\/IMG-20240930-WA0006-600x453.jpg 600w, https:\/\/champagneactie.lionsalmerehelpen.nl\/wp-content\/uploads\/2024\/10\/IMG-20240930-WA0006-300x226.jpg 300w\" sizes=\"(max-width: 603px) 100vw, 603px\" \/>\t\t\t\t\t\t\t\t\t\t\t\t\t\t\t<\/div>\n\t\t\t\t<\/div>\n\t\t\t\t<div class=\"elementor-element elementor-element-8a8d47b elementor-widget elementor-widget-text-editor\" data-id=\"8a8d47b\" data-element_type=\"widget\" data-widget_type=\"text-editor.default\">\n\t\t\t\t<div class=\"elementor-widget-container\">\n\t\t\t\t\t\t\t\t\t<p>Lionsclub Almere Veritas ist ein Wohlt\u00e4tigkeitsclub, der oft besser als Serviceclub bekannt ist.<br \/>Wir sind ein Lions Club mit 20 Mitgliedern, sowohl M\u00e4nnern als auch Frauen. Unsere Mitglieder sind mit der Stadt Almere verbunden, weil sie hier leben und\/oder arbeiten.<\/p><p>Auf freiwilliger Basis organisieren wir alle Arten von Aktivit\u00e4ten und Veranstaltungen, um zu einer besseren Gesellschaft beizutragen. Wir engagieren uns f\u00fcr Menschen oder Organisationen, die vor Ort oder weltweit in Not geraten.<\/p><p>Wir sind ein Verein mit verschiedenen Berufsgruppen, der sich zweimal im Monat, am 2. und 4. Mittwoch im Monat, trifft. Gemeinsam organisieren wir verschiedene Charity-Projekte. Unser Motto lautet: Wir helfen.<\/p><p>Charakteristisch f\u00fcr unseren Club ist die Kombination aus Spendensammlung f\u00fcr einen guten Zweck und der M\u00f6glichkeit, gemeinsam mit lustigen, freundlichen Lions-Mitgliedern aktiv zu werden.<\/p>\t\t\t\t\t\t\t\t<\/div>\n\t\t\t\t<\/div>\n\t\t\t\t\t<\/div>\n\t\t\t\t<\/div>\n\t\t<div class=\"elementor-element elementor-element-970fd91 e-grid e-con-boxed e-con e-parent\" data-id=\"970fd91\" data-element_type=\"container\">\n\t\t\t\t\t<div class=\"e-con-inner\">\n\t\t\t\t<div class=\"elementor-element elementor-element-3493cb8 elementor-widget elementor-widget-text-editor\" data-id=\"3493cb8\" data-element_type=\"widget\" data-widget_type=\"text-editor.default\">\n\t\t\t\t<div class=\"elementor-widget-container\">\n\t\t\t\t\t\t\t\t\t<p>Durch die Zusammenarbeit entstehen auch tolle Freundschaften, was genauso wichtig ist.  Unser T\u00e4tigkeitsgebiet ist Almere.<\/p><p>Einmal im Monat treffen wir uns im Restaurant \u201eWeet hoe je leeft\u201c in Almere und besprechen nach dem Abendessen, welche Aktivit\u00e4ten laufen und noch Unterst\u00fctzung ben\u00f6tigen, und wir haben einen Sprecher. Einmal im Monat haben wir eine lustige, unterhaltsame und interessante Aktivit\u00e4t.<\/p><p>Ein Lions-Jahr dauert von Juli bis Juni.<\/p><p>Der Vorstand besteht aus 4 Vorstandsmitgliedern:<\/p><ul><li>Edwin Touwslager (Pr\u00e4sident),<\/li><li>Ellen Bouwmeester (Vizepr\u00e4sidentin),<\/li><li>Miranda Wallenburg (Sekret\u00e4rin),<\/li><li>Arina de Boer (Schatzmeisterin)<\/li><\/ul>\t\t\t\t\t\t\t\t<\/div>\n\t\t\t\t<\/div>\n\t\t\t\t<div class=\"elementor-element elementor-element-9dc68bb elementor-widget elementor-widget-image\" data-id=\"9dc68bb\" data-element_type=\"widget\" data-widget_type=\"image.default\">\n\t\t\t\t<div class=\"elementor-widget-container\">\n\t\t\t\t\t\t\t\t\t\t\t\t\t\t\t<img decoding=\"async\" width=\"1024\" height=\"768\" src=\"https:\/\/champagneactie.lionsalmerehelpen.nl\/wp-content\/uploads\/2024\/10\/IMG-20241001-WA0003-1024x768.jpg\" class=\"attachment-large size-large wp-image-605\" alt=\"\" srcset=\"https:\/\/champagneactie.lionsalmerehelpen.nl\/wp-content\/uploads\/2024\/10\/IMG-20241001-WA0003-1024x768.jpg 1024w, https:\/\/champagneactie.lionsalmerehelpen.nl\/wp-content\/uploads\/2024\/10\/IMG-20241001-WA0003-600x450.jpg 600w, https:\/\/champagneactie.lionsalmerehelpen.nl\/wp-content\/uploads\/2024\/10\/IMG-20241001-WA0003-300x225.jpg 300w, https:\/\/champagneactie.lionsalmerehelpen.nl\/wp-content\/uploads\/2024\/10\/IMG-20241001-WA0003-768x576.jpg 768w, https:\/\/champagneactie.lionsalmerehelpen.nl\/wp-content\/uploads\/2024\/10\/IMG-20241001-WA0003-1536x1152.jpg 1536w, https:\/\/champagneactie.lionsalmerehelpen.nl\/wp-content\/uploads\/2024\/10\/IMG-20241001-WA0003.jpg 2048w\" sizes=\"(max-width: 1024px) 100vw, 1024px\" \/>\t\t\t\t\t\t\t\t\t\t\t\t\t\t\t<\/div>\n\t\t\t\t<\/div>\n\t\t\t\t\t<\/div>\n\t\t\t\t<\/div>\n\t\t<div class=\"elementor-element elementor-element-e66cc19 e-grid e-con-boxed e-con e-parent\" data-id=\"e66cc19\" data-element_type=\"container\">\n\t\t\t\t\t<div class=\"e-con-inner\">\n\t\t\t\t<div class=\"elementor-element elementor-element-3c58314 elementor-widget elementor-widget-text-editor\" data-id=\"3c58314\" data-element_type=\"widget\" data-widget_type=\"text-editor.default\">\n\t\t\t\t<div class=\"elementor-widget-container\">\n\t\t\t\t\t\t\t\t\t<p><a href=\"https:\/\/almereveritas.lions.nl\/\"><span style=\"text-decoration: underline;\">Lionsclub Almere Veritas<\/span><\/a> wurde 2009 gegr\u00fcndet von <span style=\"text-decoration: underline;\"><a href=\"https:\/\/almerehost.lions.nl\/\">Lionsclub Almere Host<\/a><\/span> Dieser Lions Club wurde 1988 als M\u00e4nnerclub gegr\u00fcndet. Es gibt auch einen Leo-Club in Almere (<a href=\"https:\/\/leoclubalmere.nl\/\">Leoclub Almere Ventum Novus<\/a>), ein Lions Club f\u00fcr junge Menschen im Alter von 18 bis 35 Jahren. Vor zwei Jahren gr\u00fcndete der Lions Club eine Zweigstelle f\u00fcr Leo-Mitglieder, die dem Leo Club entwachsen sind, sich aber noch zu jung f\u00fcr die Lions f\u00fchlen (<a href=\"https:\/\/almereveritas.lions.nl\/\">Lionsclub Almere Veritas Branch<\/a>). In Almere f\u00fchren wir viele Aktionen zusammen mit diesen vier Clubs durch und helfen uns gegenseitig bei Aktionen. Jeder Club hat seine eigenen spezifischen Aktionen, aber es gibt eine Aktion, die wir jedes Jahr gemeinsam organisieren: die K\u00f6nigstagsaktion. Dann verkaufen wir allerlei Dinge und jeder Club w\u00e4hlt abwechselnd eine Wohlt\u00e4tigkeitsorganisation aus. Es macht auch richtig Spa\u00df, zusammen zu sein! Wenn Du Interesse hast, Teil dieser wunderbaren Community zu werden, klicke bitte auf den f\u00fcr Dich passenden Club-Link und melde Dich dort an.<\/p>\t\t\t\t\t\t\t\t<\/div>\n\t\t\t\t<\/div>\n\t\t\t\t<div class=\"elementor-element elementor-element-0f795c7 elementor-widget elementor-widget-image\" data-id=\"0f795c7\" data-element_type=\"widget\" data-widget_type=\"image.default\">\n\t\t\t\t<div class=\"elementor-widget-container\">\n\t\t\t\t\t\t\t\t\t\t\t\t\t\t\t<img decoding=\"async\" width=\"356\" height=\"356\" src=\"https:\/\/champagneactie.lionsalmerehelpen.nl\/wp-content\/uploads\/2024\/10\/IMG-20240930-WA0007.jpg\" class=\"attachment-large size-large wp-image-589\" alt=\"\" srcset=\"https:\/\/champagneactie.lionsalmerehelpen.nl\/wp-content\/uploads\/2024\/10\/IMG-20240930-WA0007.jpg 356w, https:\/\/champagneactie.lionsalmerehelpen.nl\/wp-content\/uploads\/2024\/10\/IMG-20240930-WA0007-300x300.jpg 300w, https:\/\/champagneactie.lionsalmerehelpen.nl\/wp-content\/uploads\/2024\/10\/IMG-20240930-WA0007-100x100.jpg 100w, https:\/\/champagneactie.lionsalmerehelpen.nl\/wp-content\/uploads\/2024\/10\/IMG-20240930-WA0007-150x150.jpg 150w\" sizes=\"(max-width: 356px) 100vw, 356px\" \/>\t\t\t\t\t\t\t\t\t\t\t\t\t\t\t<\/div>\n\t\t\t\t<\/div>\n\t\t\t\t\t<\/div>\n\t\t\t\t<\/div>\n\t\t<div class=\"elementor-element elementor-element-3a80460 e-grid e-con-boxed e-con e-parent\" data-id=\"3a80460\" data-element_type=\"container\">\n\t\t\t\t\t<div class=\"e-con-inner\">\n\t\t\t\t<div class=\"elementor-element elementor-element-da9c14d elementor-widget elementor-widget-image\" data-id=\"da9c14d\" data-element_type=\"widget\" data-widget_type=\"image.default\">\n\t\t\t\t<div class=\"elementor-widget-container\">\n\t\t\t\t\t\t\t\t\t\t\t\t\t\t\t<img loading=\"lazy\" decoding=\"async\" width=\"1024\" height=\"768\" src=\"https:\/\/champagneactie.lionsalmerehelpen.nl\/wp-content\/uploads\/2024\/10\/IMG-20240930-WA0009-1024x768.jpg\" class=\"attachment-large size-large wp-image-590\" alt=\"\" srcset=\"https:\/\/champagneactie.lionsalmerehelpen.nl\/wp-content\/uploads\/2024\/10\/IMG-20240930-WA0009-1024x768.jpg 1024w, https:\/\/champagneactie.lionsalmerehelpen.nl\/wp-content\/uploads\/2024\/10\/IMG-20240930-WA0009-600x450.jpg 600w, https:\/\/champagneactie.lionsalmerehelpen.nl\/wp-content\/uploads\/2024\/10\/IMG-20240930-WA0009-300x225.jpg 300w, https:\/\/champagneactie.lionsalmerehelpen.nl\/wp-content\/uploads\/2024\/10\/IMG-20240930-WA0009-768x576.jpg 768w, https:\/\/champagneactie.lionsalmerehelpen.nl\/wp-content\/uploads\/2024\/10\/IMG-20240930-WA0009-1536x1152.jpg 1536w, https:\/\/champagneactie.lionsalmerehelpen.nl\/wp-content\/uploads\/2024\/10\/IMG-20240930-WA0009.jpg 1600w\" sizes=\"(max-width: 1024px) 100vw, 1024px\" \/>\t\t\t\t\t\t\t\t\t\t\t\t\t\t\t<\/div>\n\t\t\t\t<\/div>\n\t\t\t\t<div class=\"elementor-element elementor-element-f519bae elementor-widget elementor-widget-text-editor\" data-id=\"f519bae\" data-element_type=\"widget\" data-widget_type=\"text-editor.default\">\n\t\t\t\t<div class=\"elementor-widget-container\">\n\t\t\t\t\t\t\t\t\t<p>Wir sind alle Teil eines der sechs Bezirke in den Niederlanden (<a href=\"https:\/\/www.lions.nl\/\">Home | Lionsclubs Nederland<\/a>). Insgesamt gibt es in den Niederlanden 10.000 Lions, die auf 435 Lions-Clubs verteilt sind. Weltweit geh\u00f6ren wir zur internationalen Lions Club Organisation, die 1017 in Amerika gegr\u00fcndet wurde (<a href=\"https:\/\/www.lionsclubs.org\/en\">Home | Lions Clubs International<\/a>).<\/p><p>Lions Clubs w\u00e4hlen h\u00e4ufig Projekte aus, die mit den internationalen Kernzielen (Schwerpunktbereichen) im Einklang stehen: Hunger, Blindheit\/Augenkrankheiten, Krebs im Kindesalter, Diabetes, Jugend, nachhaltige Lebensumgebung, Katastrophenhilfe und humanit\u00e4re Hilfe.<\/p>\t\t\t\t\t\t\t\t<\/div>\n\t\t\t\t<\/div>\n\t\t\t\t\t<\/div>\n\t\t\t\t<\/div>\n\t\t<div class=\"elementor-element elementor-element-00e916a e-grid e-con-boxed e-con e-parent\" data-id=\"00e916a\" data-element_type=\"container\">\n\t\t\t\t\t<div class=\"e-con-inner\">\n\t\t\t\t<div class=\"elementor-element elementor-element-23dbb7e elementor-widget elementor-widget-image\" data-id=\"23dbb7e\" data-element_type=\"widget\" data-widget_type=\"image.default\">\n\t\t\t\t<div class=\"elementor-widget-container\">\n\t\t\t\t\t\t\t\t\t\t\t\t<figure class=\"wp-caption\">\n\t\t\t\t\t\t\t\t\t\t<img loading=\"lazy\" decoding=\"async\" width=\"1024\" height=\"926\" src=\"https:\/\/champagneactie.lionsalmerehelpen.nl\/wp-content\/uploads\/2024\/09\/Kerndoel-armoede-honger-1024x926.jpg\" class=\"attachment-large size-large wp-image-462\" alt=\"\" srcset=\"https:\/\/champagneactie.lionsalmerehelpen.nl\/wp-content\/uploads\/2024\/09\/Kerndoel-armoede-honger-1024x926.jpg 1024w, https:\/\/champagneactie.lionsalmerehelpen.nl\/wp-content\/uploads\/2024\/09\/Kerndoel-armoede-honger-scaled-600x543.jpg 600w, https:\/\/champagneactie.lionsalmerehelpen.nl\/wp-content\/uploads\/2024\/09\/Kerndoel-armoede-honger-300x271.jpg 300w, https:\/\/champagneactie.lionsalmerehelpen.nl\/wp-content\/uploads\/2024\/09\/Kerndoel-armoede-honger-768x695.jpg 768w, https:\/\/champagneactie.lionsalmerehelpen.nl\/wp-content\/uploads\/2024\/09\/Kerndoel-armoede-honger-1536x1389.jpg 1536w, https:\/\/champagneactie.lionsalmerehelpen.nl\/wp-content\/uploads\/2024\/09\/Kerndoel-armoede-honger-2048x1853.jpg 2048w\" sizes=\"(max-width: 1024px) 100vw, 1024px\" \/>\t\t\t\t\t\t\t\t\t\t\t<figcaption class=\"widget-image-caption wp-caption-text\">Honger<\/figcaption>\n\t\t\t\t\t\t\t\t\t\t<\/figure>\n\t\t\t\t\t\t\t\t\t<\/div>\n\t\t\t\t<\/div>\n\t\t\t\t<div class=\"elementor-element elementor-element-f936848 elementor-widget elementor-widget-image\" data-id=\"f936848\" data-element_type=\"widget\" data-widget_type=\"image.default\">\n\t\t\t\t<div class=\"elementor-widget-container\">\n\t\t\t\t\t\t\t\t\t\t\t\t<figure class=\"wp-caption\">\n\t\t\t\t\t\t\t\t\t\t<img loading=\"lazy\" decoding=\"async\" width=\"1024\" height=\"1024\" src=\"https:\/\/champagneactie.lionsalmerehelpen.nl\/wp-content\/uploads\/2024\/09\/Kerndoel-gezichtsvermogen-1024x1024.jpg\" class=\"attachment-large size-large wp-image-465\" alt=\"\" srcset=\"https:\/\/champagneactie.lionsalmerehelpen.nl\/wp-content\/uploads\/2024\/09\/Kerndoel-gezichtsvermogen-1024x1024.jpg 1024w, https:\/\/champagneactie.lionsalmerehelpen.nl\/wp-content\/uploads\/2024\/09\/Kerndoel-gezichtsvermogen-300x300.jpg 300w, https:\/\/champagneactie.lionsalmerehelpen.nl\/wp-content\/uploads\/2024\/09\/Kerndoel-gezichtsvermogen-scaled-100x100.jpg 100w, https:\/\/champagneactie.lionsalmerehelpen.nl\/wp-content\/uploads\/2024\/09\/Kerndoel-gezichtsvermogen-scaled-600x600.jpg 600w, https:\/\/champagneactie.lionsalmerehelpen.nl\/wp-content\/uploads\/2024\/09\/Kerndoel-gezichtsvermogen-150x150.jpg 150w, https:\/\/champagneactie.lionsalmerehelpen.nl\/wp-content\/uploads\/2024\/09\/Kerndoel-gezichtsvermogen-768x768.jpg 768w, https:\/\/champagneactie.lionsalmerehelpen.nl\/wp-content\/uploads\/2024\/09\/Kerndoel-gezichtsvermogen-1536x1536.jpg 1536w, https:\/\/champagneactie.lionsalmerehelpen.nl\/wp-content\/uploads\/2024\/09\/Kerndoel-gezichtsvermogen-2048x2048.jpg 2048w\" sizes=\"(max-width: 1024px) 100vw, 1024px\" \/>\t\t\t\t\t\t\t\t\t\t\t<figcaption class=\"widget-image-caption wp-caption-text\">Zicht<\/figcaption>\n\t\t\t\t\t\t\t\t\t\t<\/figure>\n\t\t\t\t\t\t\t\t\t<\/div>\n\t\t\t\t<\/div>\n\t\t\t\t<div class=\"elementor-element elementor-element-9cce34c elementor-widget elementor-widget-image\" data-id=\"9cce34c\" data-element_type=\"widget\" data-widget_type=\"image.default\">\n\t\t\t\t<div class=\"elementor-widget-container\">\n\t\t\t\t\t\t\t\t\t\t\t\t<figure class=\"wp-caption\">\n\t\t\t\t\t\t\t\t\t\t<img loading=\"lazy\" decoding=\"async\" width=\"997\" height=\"1024\" src=\"https:\/\/champagneactie.lionsalmerehelpen.nl\/wp-content\/uploads\/2024\/09\/Kerndoel-kinderkanker-997x1024.jpg\" class=\"attachment-large size-large wp-image-468\" alt=\"\" srcset=\"https:\/\/champagneactie.lionsalmerehelpen.nl\/wp-content\/uploads\/2024\/09\/Kerndoel-kinderkanker-997x1024.jpg 997w, https:\/\/champagneactie.lionsalmerehelpen.nl\/wp-content\/uploads\/2024\/09\/Kerndoel-kinderkanker-scaled-600x616.jpg 600w, https:\/\/champagneactie.lionsalmerehelpen.nl\/wp-content\/uploads\/2024\/09\/Kerndoel-kinderkanker-292x300.jpg 292w, https:\/\/champagneactie.lionsalmerehelpen.nl\/wp-content\/uploads\/2024\/09\/Kerndoel-kinderkanker-768x789.jpg 768w, https:\/\/champagneactie.lionsalmerehelpen.nl\/wp-content\/uploads\/2024\/09\/Kerndoel-kinderkanker-1496x1536.jpg 1496w, https:\/\/champagneactie.lionsalmerehelpen.nl\/wp-content\/uploads\/2024\/09\/Kerndoel-kinderkanker-1994x2048.jpg 1994w\" sizes=\"(max-width: 997px) 100vw, 997px\" \/>\t\t\t\t\t\t\t\t\t\t\t<figcaption class=\"widget-image-caption wp-caption-text\">Kinder kanker<\/figcaption>\n\t\t\t\t\t\t\t\t\t\t<\/figure>\n\t\t\t\t\t\t\t\t\t<\/div>\n\t\t\t\t<\/div>\n\t\t\t\t<div class=\"elementor-element elementor-element-552ef7d elementor-widget elementor-widget-image\" data-id=\"552ef7d\" data-element_type=\"widget\" data-widget_type=\"image.default\">\n\t\t\t\t<div class=\"elementor-widget-container\">\n\t\t\t\t\t\t\t\t\t\t\t\t<figure class=\"wp-caption\">\n\t\t\t\t\t\t\t\t\t\t<img loading=\"lazy\" decoding=\"async\" width=\"1024\" height=\"1024\" src=\"https:\/\/champagneactie.lionsalmerehelpen.nl\/wp-content\/uploads\/2024\/09\/Kerndoel-diabetes-1024x1024.jpg\" class=\"attachment-large size-large wp-image-463\" alt=\"\" srcset=\"https:\/\/champagneactie.lionsalmerehelpen.nl\/wp-content\/uploads\/2024\/09\/Kerndoel-diabetes-1024x1024.jpg 1024w, https:\/\/champagneactie.lionsalmerehelpen.nl\/wp-content\/uploads\/2024\/09\/Kerndoel-diabetes-300x300.jpg 300w, https:\/\/champagneactie.lionsalmerehelpen.nl\/wp-content\/uploads\/2024\/09\/Kerndoel-diabetes-scaled-100x100.jpg 100w, https:\/\/champagneactie.lionsalmerehelpen.nl\/wp-content\/uploads\/2024\/09\/Kerndoel-diabetes-scaled-600x600.jpg 600w, https:\/\/champagneactie.lionsalmerehelpen.nl\/wp-content\/uploads\/2024\/09\/Kerndoel-diabetes-150x150.jpg 150w, https:\/\/champagneactie.lionsalmerehelpen.nl\/wp-content\/uploads\/2024\/09\/Kerndoel-diabetes-768x768.jpg 768w, https:\/\/champagneactie.lionsalmerehelpen.nl\/wp-content\/uploads\/2024\/09\/Kerndoel-diabetes-1536x1536.jpg 1536w, https:\/\/champagneactie.lionsalmerehelpen.nl\/wp-content\/uploads\/2024\/09\/Kerndoel-diabetes-2048x2048.jpg 2048w\" sizes=\"(max-width: 1024px) 100vw, 1024px\" \/>\t\t\t\t\t\t\t\t\t\t\t<figcaption class=\"widget-image-caption wp-caption-text\">Diabetes<\/figcaption>\n\t\t\t\t\t\t\t\t\t\t<\/figure>\n\t\t\t\t\t\t\t\t\t<\/div>\n\t\t\t\t<\/div>\n\t\t\t\t<div class=\"elementor-element elementor-element-be99c8c elementor-widget elementor-widget-image\" data-id=\"be99c8c\" data-element_type=\"widget\" data-widget_type=\"image.default\">\n\t\t\t\t<div class=\"elementor-widget-container\">\n\t\t\t\t\t\t\t\t\t\t\t\t<figure class=\"wp-caption\">\n\t\t\t\t\t\t\t\t\t\t<img loading=\"lazy\" decoding=\"async\" width=\"743\" height=\"751\" src=\"https:\/\/champagneactie.lionsalmerehelpen.nl\/wp-content\/uploads\/2024\/09\/Kerndoel-jeugd.jpg\" class=\"attachment-large size-large wp-image-467\" alt=\"\" srcset=\"https:\/\/champagneactie.lionsalmerehelpen.nl\/wp-content\/uploads\/2024\/09\/Kerndoel-jeugd.jpg 743w, https:\/\/champagneactie.lionsalmerehelpen.nl\/wp-content\/uploads\/2024\/09\/Kerndoel-jeugd-100x100.jpg 100w, https:\/\/champagneactie.lionsalmerehelpen.nl\/wp-content\/uploads\/2024\/09\/Kerndoel-jeugd-600x606.jpg 600w, https:\/\/champagneactie.lionsalmerehelpen.nl\/wp-content\/uploads\/2024\/09\/Kerndoel-jeugd-297x300.jpg 297w\" sizes=\"(max-width: 743px) 100vw, 743px\" \/>\t\t\t\t\t\t\t\t\t\t\t<figcaption class=\"widget-image-caption wp-caption-text\">Jeugd<\/figcaption>\n\t\t\t\t\t\t\t\t\t\t<\/figure>\n\t\t\t\t\t\t\t\t\t<\/div>\n\t\t\t\t<\/div>\n\t\t\t\t<div class=\"elementor-element elementor-element-688b622 elementor-widget elementor-widget-image\" data-id=\"688b622\" data-element_type=\"widget\" data-widget_type=\"image.default\">\n\t\t\t\t<div class=\"elementor-widget-container\">\n\t\t\t\t\t\t\t\t\t\t\t\t<figure class=\"wp-caption\">\n\t\t\t\t\t\t\t\t\t\t<img loading=\"lazy\" decoding=\"async\" width=\"979\" height=\"1024\" src=\"https:\/\/champagneactie.lionsalmerehelpen.nl\/wp-content\/uploads\/2024\/09\/Kerndoel-duurzaamheid-979x1024.jpg\" class=\"attachment-large size-large wp-image-464\" alt=\"\" srcset=\"https:\/\/champagneactie.lionsalmerehelpen.nl\/wp-content\/uploads\/2024\/09\/Kerndoel-duurzaamheid-979x1024.jpg 979w, https:\/\/champagneactie.lionsalmerehelpen.nl\/wp-content\/uploads\/2024\/09\/Kerndoel-duurzaamheid-scaled-600x628.jpg 600w, https:\/\/champagneactie.lionsalmerehelpen.nl\/wp-content\/uploads\/2024\/09\/Kerndoel-duurzaamheid-287x300.jpg 287w, https:\/\/champagneactie.lionsalmerehelpen.nl\/wp-content\/uploads\/2024\/09\/Kerndoel-duurzaamheid-768x803.jpg 768w, https:\/\/champagneactie.lionsalmerehelpen.nl\/wp-content\/uploads\/2024\/09\/Kerndoel-duurzaamheid-1468x1536.jpg 1468w, https:\/\/champagneactie.lionsalmerehelpen.nl\/wp-content\/uploads\/2024\/09\/Kerndoel-duurzaamheid-1958x2048.jpg 1958w\" sizes=\"(max-width: 979px) 100vw, 979px\" \/>\t\t\t\t\t\t\t\t\t\t\t<figcaption class=\"widget-image-caption wp-caption-text\">Duurzaam-heid <\/figcaption>\n\t\t\t\t\t\t\t\t\t\t<\/figure>\n\t\t\t\t\t\t\t\t\t<\/div>\n\t\t\t\t<\/div>\n\t\t\t\t<div class=\"elementor-element elementor-element-dab695b elementor-widget elementor-widget-image\" data-id=\"dab695b\" data-element_type=\"widget\" data-widget_type=\"image.default\">\n\t\t\t\t<div class=\"elementor-widget-container\">\n\t\t\t\t\t\t\t\t\t\t\t\t<figure class=\"wp-caption\">\n\t\t\t\t\t\t\t\t\t\t<img loading=\"lazy\" decoding=\"async\" width=\"743\" height=\"751\" src=\"https:\/\/champagneactie.lionsalmerehelpen.nl\/wp-content\/uploads\/2024\/09\/Kerndoel-rampen.jpg\" class=\"attachment-large size-large wp-image-469\" alt=\"\" srcset=\"https:\/\/champagneactie.lionsalmerehelpen.nl\/wp-content\/uploads\/2024\/09\/Kerndoel-rampen.jpg 743w, https:\/\/champagneactie.lionsalmerehelpen.nl\/wp-content\/uploads\/2024\/09\/Kerndoel-rampen-100x100.jpg 100w, https:\/\/champagneactie.lionsalmerehelpen.nl\/wp-content\/uploads\/2024\/09\/Kerndoel-rampen-600x606.jpg 600w, https:\/\/champagneactie.lionsalmerehelpen.nl\/wp-content\/uploads\/2024\/09\/Kerndoel-rampen-297x300.jpg 297w\" sizes=\"(max-width: 743px) 100vw, 743px\" \/>\t\t\t\t\t\t\t\t\t\t\t<figcaption class=\"widget-image-caption wp-caption-text\">Rampen<\/figcaption>\n\t\t\t\t\t\t\t\t\t\t<\/figure>\n\t\t\t\t\t\t\t\t\t<\/div>\n\t\t\t\t<\/div>\n\t\t\t\t<div class=\"elementor-element elementor-element-bbca761 elementor-widget elementor-widget-image\" data-id=\"bbca761\" data-element_type=\"widget\" data-widget_type=\"image.default\">\n\t\t\t\t<div class=\"elementor-widget-container\">\n\t\t\t\t\t\t\t\t\t\t\t\t<figure class=\"wp-caption\">\n\t\t\t\t\t\t\t\t\t\t<img loading=\"lazy\" decoding=\"async\" width=\"743\" height=\"749\" src=\"https:\/\/champagneactie.lionsalmerehelpen.nl\/wp-content\/uploads\/2024\/09\/Kerndoel-humanitaire-hulp.jpg\" class=\"attachment-large size-large wp-image-466\" alt=\"\" srcset=\"https:\/\/champagneactie.lionsalmerehelpen.nl\/wp-content\/uploads\/2024\/09\/Kerndoel-humanitaire-hulp.jpg 743w, https:\/\/champagneactie.lionsalmerehelpen.nl\/wp-content\/uploads\/2024\/09\/Kerndoel-humanitaire-hulp-100x100.jpg 100w, https:\/\/champagneactie.lionsalmerehelpen.nl\/wp-content\/uploads\/2024\/09\/Kerndoel-humanitaire-hulp-600x605.jpg 600w, https:\/\/champagneactie.lionsalmerehelpen.nl\/wp-content\/uploads\/2024\/09\/Kerndoel-humanitaire-hulp-298x300.jpg 298w, https:\/\/champagneactie.lionsalmerehelpen.nl\/wp-content\/uploads\/2024\/09\/Kerndoel-humanitaire-hulp-150x150.jpg 150w\" sizes=\"(max-width: 743px) 100vw, 743px\" \/>\t\t\t\t\t\t\t\t\t\t\t<figcaption class=\"widget-image-caption wp-caption-text\">Humani-taire Hulp<\/figcaption>\n\t\t\t\t\t\t\t\t\t\t<\/figure>\n\t\t\t\t\t\t\t\t\t<\/div>\n\t\t\t\t<\/div>\n\t\t\t\t\t<\/div>\n\t\t\t\t<\/div>\n\t\t\t\t<\/div>","protected":false},"excerpt":{"rendered":"<p>Over ons Lionsclub Almere Veritas is een goede doelen club, vaak beter bekend als service club.Wij zijn een Lionsclub met 20 leden zowel mannen als vrouwen. Onze leden zijn verbonden aan de stad Almere omdat zij hier wonen en\/of werken . Op vrijwillige basis organiseren wij allerlei activiteiten en evenementen om een bijdrage te leveren [&hellip;]<\/p>","protected":false},"author":1,"featured_media":0,"parent":0,"menu_order":0,"comment_status":"closed","ping_status":"closed","template":"","meta":{"footnotes":""},"class_list":["post-109","page","type-page","status-publish","hentry"],"blocksy_meta":[],"jetpack_sharing_enabled":true,"_links":{"self":[{"href":"https:\/\/champagneactie.lionsalmerehelpen.nl\/de\/wp-json\/wp\/v2\/pages\/109","targetHints":{"allow":["GET"]}}],"collection":[{"href":"https:\/\/champagneactie.lionsalmerehelpen.nl\/de\/wp-json\/wp\/v2\/pages"}],"about":[{"href":"https:\/\/champagneactie.lionsalmerehelpen.nl\/de\/wp-json\/wp\/v2\/types\/page"}],"author":[{"embeddable":true,"href":"https:\/\/champagneactie.lionsalmerehelpen.nl\/de\/wp-json\/wp\/v2\/users\/1"}],"replies":[{"embeddable":true,"href":"https:\/\/champagneactie.lionsalmerehelpen.nl\/de\/wp-json\/wp\/v2\/comments?post=109"}],"version-history":[{"count":80,"href":"https:\/\/champagneactie.lionsalmerehelpen.nl\/de\/wp-json\/wp\/v2\/pages\/109\/revisions"}],"predecessor-version":[{"id":876,"href":"https:\/\/champagneactie.lionsalmerehelpen.nl\/de\/wp-json\/wp\/v2\/pages\/109\/revisions\/876"}],"wp:attachment":[{"href":"https:\/\/champagneactie.lionsalmerehelpen.nl\/de\/wp-json\/wp\/v2\/media?parent=109"}],"curies":[{"name":"wp","href":"https:\/\/api.w.org\/{rel}","templated":true}]}}