{"id":878,"date":"2025-02-14T12:26:09","date_gmt":"2025-02-14T11:26:09","guid":{"rendered":"https:\/\/champagneactie.lionsalmerehelpen.nl\/?page_id=878"},"modified":"2025-03-23T14:41:53","modified_gmt":"2025-03-23T13:41:53","slug":"goede-doel25","status":"publish","type":"page","link":"https:\/\/champagneactie.lionsalmerehelpen.nl\/de\/goede-doel25\/","title":{"rendered":"GUTEN ZWECK"},"content":{"rendered":"<div data-elementor-type=\"wp-page\" data-elementor-id=\"878\" class=\"elementor elementor-878\">\n\t\t\t\t<div class=\"elementor-element elementor-element-33206f2 e-flex e-con-boxed e-con e-parent\" data-id=\"33206f2\" data-element_type=\"container\">\n\t\t\t\t\t<div class=\"e-con-inner\">\n\t\t\t\t<div class=\"elementor-element elementor-element-a3e59bf elementor-widget elementor-widget-text-editor\" data-id=\"a3e59bf\" data-element_type=\"widget\" data-widget_type=\"text-editor.default\">\n\t\t\t\t<div class=\"elementor-widget-container\">\n\t\t\t\t\t\t\t\t\t<p>Kinderfreundliche Gestaltung der Wohnbereiche in der Kinderabteilung des Flevo-Krankenhauses Almere<\/p>\t\t\t\t\t\t\t\t<\/div>\n\t\t\t\t<\/div>\n\t\t\t\t\t<\/div>\n\t\t\t\t<\/div>\n\t\t<div class=\"elementor-element elementor-element-75158c2 e-flex e-con-boxed e-con e-parent\" data-id=\"75158c2\" data-element_type=\"container\">\n\t\t\t\t\t<div class=\"e-con-inner\">\n\t\t\t\t<div class=\"elementor-element elementor-element-62c3284 elementor-widget elementor-widget-image\" data-id=\"62c3284\" data-element_type=\"widget\" data-widget_type=\"image.default\">\n\t\t\t\t<div class=\"elementor-widget-container\">\n\t\t\t\t\t\t\t\t\t\t\t\t\t\t\t<img fetchpriority=\"high\" decoding=\"async\" width=\"1024\" height=\"142\" src=\"https:\/\/champagneactie.lionsalmerehelpen.nl\/wp-content\/uploads\/2025\/02\/kinderafdeling-Flevoziekehuis-1024x142.png\" class=\"attachment-large size-large wp-image-880\" alt=\"\" srcset=\"https:\/\/champagneactie.lionsalmerehelpen.nl\/wp-content\/uploads\/2025\/02\/kinderafdeling-Flevoziekehuis-1024x142.png 1024w, https:\/\/champagneactie.lionsalmerehelpen.nl\/wp-content\/uploads\/2025\/02\/kinderafdeling-Flevoziekehuis-300x42.png 300w, https:\/\/champagneactie.lionsalmerehelpen.nl\/wp-content\/uploads\/2025\/02\/kinderafdeling-Flevoziekehuis-768x107.png 768w, https:\/\/champagneactie.lionsalmerehelpen.nl\/wp-content\/uploads\/2025\/02\/kinderafdeling-Flevoziekehuis-1536x214.png 1536w, https:\/\/champagneactie.lionsalmerehelpen.nl\/wp-content\/uploads\/2025\/02\/kinderafdeling-Flevoziekehuis-2048x285.png 2048w, https:\/\/champagneactie.lionsalmerehelpen.nl\/wp-content\/uploads\/2025\/02\/kinderafdeling-Flevoziekehuis-600x83.png 600w\" sizes=\"(max-width: 1024px) 100vw, 1024px\" \/>\t\t\t\t\t\t\t\t\t\t\t\t\t\t\t<\/div>\n\t\t\t\t<\/div>\n\t\t\t\t\t<\/div>\n\t\t\t\t<\/div>\n\t\t<div class=\"elementor-element elementor-element-70e5edd e-flex e-con-boxed e-con e-parent\" data-id=\"70e5edd\" data-element_type=\"container\">\n\t\t\t\t\t<div class=\"e-con-inner\">\n\t\t\t\t<div class=\"elementor-element elementor-element-c3f2d85 elementor-widget elementor-widget-text-editor\" data-id=\"c3f2d85\" data-element_type=\"widget\" data-widget_type=\"text-editor.default\">\n\t\t\t\t<div class=\"elementor-widget-container\">\n\t\t\t\t\t\t\t\t\t<p>Die Abteilung f\u00fcr P\u00e4diatrie des <strong>Flevo-Krankenhauses <\/strong>behandelt Kinder von 0 bis 18 Jahren. Kinder mit Fieber, Gastroenteritis, R.S. Virus (Erk\u00e4ltungsvirus), Meningitis oder Asthma. <br \/>Zur Kinderabteilung geh\u00f6ren au\u00dferdem die Abteilungen Neonatologie (Neugeborene) und Kindertagespflege. Auch Kinder landen hier nach Tagesbehandlungen sowie vor und nach Operationen. Auch nach der Aufnahme in die Notaufnahme gelangt ein Kind letztlich in die Kinderabteilung.<\/p>\t\t\t\t\t\t\t\t<\/div>\n\t\t\t\t<\/div>\n\t\t\t\t\t<\/div>\n\t\t\t\t<\/div>\n\t\t<div class=\"elementor-element elementor-element-e018cfc e-flex e-con-boxed e-con e-parent\" data-id=\"e018cfc\" data-element_type=\"container\">\n\t\t\t\t\t<div class=\"e-con-inner\">\n\t\t\t\t<div class=\"elementor-element elementor-element-2f5a1b2 elementor-widget elementor-widget-text-editor\" data-id=\"2f5a1b2\" data-element_type=\"widget\" data-widget_type=\"text-editor.default\">\n\t\t\t\t<div class=\"elementor-widget-container\">\n\t\t\t\t\t\t\t\t\t<p>So gut und notwendig es auch sein mag, der Krankenhausaufenthalt oder die Behandlung ist f\u00fcr Kinder oft sehr traumatisierend. <br \/>W\u00e4hrend der nationalen Lions-L\u00f6wenkampagne erhielt die Kindernotaufnahme des Flevo-Krankenhauses Kuscheltierl\u00f6wen, und es fiel sofort auf, dass die L\u00f6wen den Kindern willkommene Ablenkung, Trost und Selbstvertrauen boten.<\/p>\t\t\t\t\t\t\t\t<\/div>\n\t\t\t\t<\/div>\n\t\t\t\t\t<\/div>\n\t\t\t\t<\/div>\n\t\t<div class=\"elementor-element elementor-element-efdf3a6 e-flex e-con-boxed e-con e-parent\" data-id=\"efdf3a6\" data-element_type=\"container\">\n\t\t\t\t\t<div class=\"e-con-inner\">\n\t\t\t\t<div class=\"elementor-element elementor-element-285507d elementor-widget elementor-widget-text-editor\" data-id=\"285507d\" data-element_type=\"widget\" data-widget_type=\"text-editor.default\">\n\t\t\t\t<div class=\"elementor-widget-container\">\n\t\t\t\t\t\t\t\t\t<p>Das Flevo-Krankenhaus sucht derzeit dringend nach Ressourcen, um die Wohnbereiche in der Kinderabteilung deutlich kinderfreundlicher zu gestalten. Praktischer, kindgerecht eingerichtet, freundlicher, mit mehr Farbe, mehr \u201eWohnzimmer\u201c als \u201eKrankenhaus\u201c.<\/p><p>Untersuchungen des Princess Maxima Center (p\u00e4diatrische Onkologie) zeigen, dass eine angenehme, atmosph\u00e4rische und kindgerechte Gestaltung der Umgebung enorm zur sozial-emotionalen Entwicklung von Kindern w\u00e4hrend ihres Krankenhausaufenthalts beitr\u00e4gt. Es f\u00f6rdert eine bessere und schnellere Genesung.<\/p>\t\t\t\t\t\t\t\t<\/div>\n\t\t\t\t<\/div>\n\t\t\t\t\t<\/div>\n\t\t\t\t<\/div>\n\t\t<div class=\"elementor-element elementor-element-4790e05 e-flex e-con-boxed e-con e-parent\" data-id=\"4790e05\" data-element_type=\"container\">\n\t\t\t\t\t<div class=\"e-con-inner\">\n\t\t\t\t<div class=\"elementor-element elementor-element-c53b7e3 elementor-widget elementor-widget-text-editor\" data-id=\"c53b7e3\" data-element_type=\"widget\" data-widget_type=\"text-editor.default\">\n\t\t\t\t<div class=\"elementor-widget-container\">\n\t\t\t\t\t\t\t\t\t<p>Das Flevo-Krankenhaus ist ein regionales Krankenhaus. Infolgedessen erzielt es nicht die hohen Einnahmen wie ein akademisches medizinisches Zentrum. Daher fehlt derzeit das Geld, um die Wohnbereiche der Kinderabteilung kindgerecht zu gestalten.<\/p><p>Da sich die Lions Clubs in Almere um Kinder k\u00fcmmern und wir die gesunde Entwicklung kleiner Kinder f\u00f6rdern m\u00f6chten, m\u00f6chten wir uns finanziell beteiligen.<\/p>\t\t\t\t\t\t\t\t<\/div>\n\t\t\t\t<\/div>\n\t\t\t\t\t<\/div>\n\t\t\t\t<\/div>\n\t\t<div class=\"elementor-element elementor-element-97eecda e-flex e-con-boxed e-con e-parent\" data-id=\"97eecda\" data-element_type=\"container\">\n\t\t\t\t\t<div class=\"e-con-inner\">\n\t\t\t\t<div class=\"elementor-element elementor-element-d88f6be elementor-widget elementor-widget-text-editor\" data-id=\"d88f6be\" data-element_type=\"widget\" data-widget_type=\"text-editor.default\">\n\t\t\t\t<div class=\"elementor-widget-container\">\n\t\t\t\t\t\t\t\t\t<p>Daher werden wir den gesamten Erl\u00f6s der Sektaktion 2025 spenden, um die Wohnbereiche der Kinderabteilung kindgerecht zu gestalten. Wenn Ihnen das auch wichtig ist, unterst\u00fctzen Sie uns bitte! Kommen Sie zur Verkostung und kaufen Sie Ihren Champagner \u00fcber uns. Jeder ausgegebene Euro ist zu 100 % gut angelegt!<\/p>\t\t\t\t\t\t\t\t<\/div>\n\t\t\t\t<\/div>\n\t\t\t\t\t<\/div>\n\t\t\t\t<\/div>\n\t\t\t\t<\/div>","protected":false},"excerpt":{"rendered":"<p>Kindvriendelijk inrichten van de verblijfsruimten op de Kinderafdeling van Flevoziekenhuis Almere De afdeling Kindergeneeskunde van het Flevoziekenhuis behandelt kinderen van 0 tot 18 jaar. Kinderen met onder andere koorts, buikgriep, het R.S.-virus (verkoudheidsvirus), hersenvliesontsteking of astma. Tot de Kinderafdeling behoren ook de afdelingen Neonatologie (pasgeboren kinderen) en de Kinderdagbehandeling. Kinderen komen hier dus ook terecht [&hellip;]<\/p>","protected":false},"author":1,"featured_media":0,"parent":0,"menu_order":0,"comment_status":"closed","ping_status":"closed","template":"","meta":{"footnotes":""},"class_list":["post-878","page","type-page","status-publish","hentry"],"blocksy_meta":[],"jetpack_sharing_enabled":true,"_links":{"self":[{"href":"https:\/\/champagneactie.lionsalmerehelpen.nl\/de\/wp-json\/wp\/v2\/pages\/878","targetHints":{"allow":["GET"]}}],"collection":[{"href":"https:\/\/champagneactie.lionsalmerehelpen.nl\/de\/wp-json\/wp\/v2\/pages"}],"about":[{"href":"https:\/\/champagneactie.lionsalmerehelpen.nl\/de\/wp-json\/wp\/v2\/types\/page"}],"author":[{"embeddable":true,"href":"https:\/\/champagneactie.lionsalmerehelpen.nl\/de\/wp-json\/wp\/v2\/users\/1"}],"replies":[{"embeddable":true,"href":"https:\/\/champagneactie.lionsalmerehelpen.nl\/de\/wp-json\/wp\/v2\/comments?post=878"}],"version-history":[{"count":17,"href":"https:\/\/champagneactie.lionsalmerehelpen.nl\/de\/wp-json\/wp\/v2\/pages\/878\/revisions"}],"predecessor-version":[{"id":1004,"href":"https:\/\/champagneactie.lionsalmerehelpen.nl\/de\/wp-json\/wp\/v2\/pages\/878\/revisions\/1004"}],"wp:attachment":[{"href":"https:\/\/champagneactie.lionsalmerehelpen.nl\/de\/wp-json\/wp\/v2\/media?parent=878"}],"curies":[{"name":"wp","href":"https:\/\/api.w.org\/{rel}","templated":true}]}}