{"id":887,"date":"2025-02-14T13:06:51","date_gmt":"2025-02-14T12:06:51","guid":{"rendered":"https:\/\/champagneactie.lionsalmerehelpen.nl\/?page_id=887"},"modified":"2025-09-18T19:17:49","modified_gmt":"2025-09-18T17:17:49","slug":"proeverij25","status":"publish","type":"page","link":"https:\/\/champagneactie.lionsalmerehelpen.nl\/de\/proeverij25\/","title":{"rendered":"Verkostung"},"content":{"rendered":"<div data-elementor-type=\"wp-page\" data-elementor-id=\"887\" class=\"elementor elementor-887\">\n\t\t\t\t<div class=\"elementor-element elementor-element-e367b50 e-flex e-con-boxed e-con e-parent\" data-id=\"e367b50\" data-element_type=\"container\">\n\t\t\t\t\t<div class=\"e-con-inner\">\n\t\t\t\t<div class=\"elementor-element elementor-element-7751494 elementor-widget elementor-widget-text-editor\" data-id=\"7751494\" data-element_type=\"widget\" data-widget_type=\"text-editor.default\">\n\t\t\t\t<div class=\"elementor-widget-container\">\n\t\t\t\t\t\t\t\t\t<p>Champagne proeverij oktober 2025<\/p>\t\t\t\t\t\t\t\t<\/div>\n\t\t\t\t<\/div>\n\t\t\t\t\t<\/div>\n\t\t\t\t<\/div>\n\t\t<div class=\"elementor-element elementor-element-2494d9e e-flex e-con-boxed e-con e-parent\" data-id=\"2494d9e\" data-element_type=\"container\">\n\t\t\t\t\t<div class=\"e-con-inner\">\n\t\t<div class=\"elementor-element elementor-element-a353e5c e-con-full e-flex e-con e-child\" data-id=\"a353e5c\" data-element_type=\"container\">\n\t\t\t\t<div class=\"elementor-element elementor-element-1a0af03 elementor-widget elementor-widget-image\" data-id=\"1a0af03\" data-element_type=\"widget\" data-widget_type=\"image.default\">\n\t\t\t\t<div class=\"elementor-widget-container\">\n\t\t\t\t\t\t\t\t\t\t\t\t\t\t\t<img fetchpriority=\"high\" decoding=\"async\" width=\"612\" height=\"408\" src=\"https:\/\/champagneactie.lionsalmerehelpen.nl\/wp-content\/uploads\/2024\/09\/gettyimages-171580551-612x612-1.jpg\" class=\"attachment-large size-large wp-image-155\" alt=\"\" srcset=\"https:\/\/champagneactie.lionsalmerehelpen.nl\/wp-content\/uploads\/2024\/09\/gettyimages-171580551-612x612-1.jpg 612w, https:\/\/champagneactie.lionsalmerehelpen.nl\/wp-content\/uploads\/2024\/09\/gettyimages-171580551-612x612-1-600x400.jpg 600w, https:\/\/champagneactie.lionsalmerehelpen.nl\/wp-content\/uploads\/2024\/09\/gettyimages-171580551-612x612-1-300x200.jpg 300w\" sizes=\"(max-width: 612px) 100vw, 612px\" \/>\t\t\t\t\t\t\t\t\t\t\t\t\t\t\t<\/div>\n\t\t\t\t<\/div>\n\t\t\t\t<div class=\"elementor-element elementor-element-3cd3adc elementor-widget elementor-widget-image\" data-id=\"3cd3adc\" data-element_type=\"widget\" data-widget_type=\"image.default\">\n\t\t\t\t<div class=\"elementor-widget-container\">\n\t\t\t\t\t\t\t\t\t\t\t\t\t\t\t<img decoding=\"async\" width=\"796\" height=\"392\" src=\"https:\/\/champagneactie.lionsalmerehelpen.nl\/wp-content\/uploads\/2025\/07\/kinderkliniek-1.png\" class=\"attachment-large size-large wp-image-1103\" alt=\"\" srcset=\"https:\/\/champagneactie.lionsalmerehelpen.nl\/wp-content\/uploads\/2025\/07\/kinderkliniek-1.png 796w, https:\/\/champagneactie.lionsalmerehelpen.nl\/wp-content\/uploads\/2025\/07\/kinderkliniek-1-300x148.png 300w, https:\/\/champagneactie.lionsalmerehelpen.nl\/wp-content\/uploads\/2025\/07\/kinderkliniek-1-768x378.png 768w, https:\/\/champagneactie.lionsalmerehelpen.nl\/wp-content\/uploads\/2025\/07\/kinderkliniek-1-18x9.png 18w, https:\/\/champagneactie.lionsalmerehelpen.nl\/wp-content\/uploads\/2025\/07\/kinderkliniek-1-600x295.png 600w\" sizes=\"(max-width: 796px) 100vw, 796px\" \/>\t\t\t\t\t\t\t\t\t\t\t\t\t\t\t<\/div>\n\t\t\t\t<\/div>\n\t\t\t\t<\/div>\n\t\t<div class=\"elementor-element elementor-element-d01dcc7 e-con-full e-flex e-con e-child\" data-id=\"d01dcc7\" data-element_type=\"container\">\n\t\t<div class=\"elementor-element elementor-element-0ea0a4d e-con-full e-flex e-con e-child\" data-id=\"0ea0a4d\" data-element_type=\"container\">\n\t\t\t\t<div class=\"elementor-element elementor-element-7d6a817 elementor-widget elementor-widget-text-editor\" data-id=\"7d6a817\" data-element_type=\"widget\" data-widget_type=\"text-editor.default\">\n\t\t\t\t<div class=\"elementor-widget-container\">\n\t\t\t\t\t\t\t\t\t<p>Komplett arrangierte Champagnerverkostung<\/p>\t\t\t\t\t\t\t\t<\/div>\n\t\t\t\t<\/div>\n\t\t\t\t<div class=\"elementor-element elementor-element-892a554 elementor-widget elementor-widget-text-editor\" data-id=\"892a554\" data-element_type=\"widget\" data-widget_type=\"text-editor.default\">\n\t\t\t\t<div class=\"elementor-widget-container\">\n\t\t\t\t\t\t\t\t\t<p>Woensdag 1 oktober 2025 starttijd 19:00. Inloop vanaf 18:30. Wij schenken verschillende champagnes, vergezeld van diverse hapjes.\u00a0\u00a0<\/p><p>Deelname is 7,50 euro per persoon. Meld je aan en betaal gelijk met de QR-code op deze pagina.<\/p>\t\t\t\t\t\t\t\t<\/div>\n\t\t\t\t<\/div>\n\t\t\t\t<\/div>\n\t\t<div class=\"elementor-element elementor-element-e88eafb e-con-full e-flex e-con e-child\" data-id=\"e88eafb\" data-element_type=\"container\">\n\t\t<div class=\"elementor-element elementor-element-f05a4b9 e-con-full e-flex e-con e-child\" data-id=\"f05a4b9\" data-element_type=\"container\">\n\t\t\t\t<div class=\"elementor-element elementor-element-2c640cc elementor-widget elementor-widget-text-editor\" data-id=\"2c640cc\" data-element_type=\"widget\" data-widget_type=\"text-editor.default\">\n\t\t\t\t<div class=\"elementor-widget-container\">\n\t\t\t\t\t\t\t\t\t<p>Kaufen Sie Champagner f\u00fcr wohlt\u00e4tige Zwecke<\/p>\t\t\t\t\t\t\t\t<\/div>\n\t\t\t\t<\/div>\n\t\t\t\t<div class=\"elementor-element elementor-element-ea3076e elementor-widget elementor-widget-text-editor\" data-id=\"ea3076e\" data-element_type=\"widget\" data-widget_type=\"text-editor.default\">\n\t\t\t\t<div class=\"elementor-widget-container\">\n\t\t\t\t\t\t\t\t\t<p>De champagnes zijn per fles (6 flessen in een doos) te bestellen, deze ontvangt u voor de feestdagen. De opbrengst gaat volledig naar het <strong>GUTEN ZWECK<\/strong>:<\/p>\t\t\t\t\t\t\t\t<\/div>\n\t\t\t\t<\/div>\n\t\t\t\t<\/div>\n\t\t<div class=\"elementor-element elementor-element-3e60ea2 e-con-full e-flex e-con e-child\" data-id=\"3e60ea2\" data-element_type=\"container\">\n\t\t\t\t<div class=\"elementor-element elementor-element-22c209e elementor-widget elementor-widget-text-editor\" data-id=\"22c209e\" data-element_type=\"widget\" data-widget_type=\"text-editor.default\">\n\t\t\t\t<div class=\"elementor-widget-container\">\n\t\t\t\t\t\t\t\t\t<p>De kinderafdeling van het Flevoziekenhuis<\/p>\t\t\t\t\t\t\t\t<\/div>\n\t\t\t\t<\/div>\n\t\t\t\t<div class=\"elementor-element elementor-element-f4c8a95 elementor-widget elementor-widget-text-editor\" data-id=\"f4c8a95\" data-element_type=\"widget\" data-widget_type=\"text-editor.default\">\n\t\t\t\t<div class=\"elementor-widget-container\">\n\t\t\t\t\t\t\t\t\t<p>Im Jahr 2025 werden wir die Kinderabteilung des Flevoziekenhuis in Almere unterst\u00fctzen. Gemeinsam machen wir den Besuch oder die Aufnahme ins Krankenhaus f\u00fcr Kinder zu einem Ereignis, das m\u00f6glichst geringe sozial-emotionale Auswirkungen auf das Kind hat. Dies erreichen wir, indem wir den Wohnbereichen eine kindgerechte Gestaltung verleihen.<\/p>\t\t\t\t\t\t\t\t<\/div>\n\t\t\t\t<\/div>\n\t\t\t\t<\/div>\n\t\t\t\t<\/div>\n\t\t\t\t<\/div>\n\t\t\t\t\t<\/div>\n\t\t\t\t<\/div>\n\t\t<div class=\"elementor-element elementor-element-a85a551 e-flex e-con-boxed e-con e-parent\" data-id=\"a85a551\" data-element_type=\"container\">\n\t\t\t\t\t<div class=\"e-con-inner\">\n\t\t\t\t<div class=\"elementor-element elementor-element-1accf82 elementor-widget elementor-widget-text-editor\" data-id=\"1accf82\" data-element_type=\"widget\" data-widget_type=\"text-editor.default\">\n\t\t\t\t<div class=\"elementor-widget-container\">\n\t\t\t\t\t\t\t\t\t<p>Reservieren Sie in Ihrem Kalender und registrieren Sie sich.<\/p>\t\t\t\t\t\t\t\t<\/div>\n\t\t\t\t<\/div>\n\t\t\t\t\t<\/div>\n\t\t\t\t<\/div>\n\t\t<div class=\"elementor-element elementor-element-066ede0 e-flex e-con-boxed e-con e-parent\" data-id=\"066ede0\" data-element_type=\"container\">\n\t\t\t\t\t<div class=\"e-con-inner\">\n\t\t\t\t<div class=\"elementor-element elementor-element-80f78bb elementor-widget__width-initial elementor-widget elementor-widget-text-editor\" data-id=\"80f78bb\" data-element_type=\"widget\" data-widget_type=\"text-editor.default\">\n\t\t\t\t<div class=\"elementor-widget-container\">\n\t\t\t\t\t\t\t\t\t<p>\n<div class=\"wpcf7 no-js\" id=\"wpcf7-f576-o1\" lang=\"nl-NL\" dir=\"ltr\" data-wpcf7-id=\"576\">\n<div class=\"screen-reader-response\"><p role=\"status\" aria-live=\"polite\" aria-atomic=\"true\"><\/p> <ul><\/ul><\/div>\n<form action=\"\/de\/wp-json\/wp\/v2\/pages\/887#wpcf7-f576-o1\" method=\"post\" class=\"wpcf7-form init\" aria-label=\"Contactformulier\" novalidate=\"novalidate\" data-status=\"init\" data-trp-original-action=\"\/de\/wp-json\/wp\/v2\/pages\/887#wpcf7-f576-o1\">\n<fieldset class=\"hidden-fields-container\"><input type=\"hidden\" name=\"_wpcf7\" value=\"576\" \/><input type=\"hidden\" name=\"_wpcf7_version\" value=\"6.1.3\" \/><input type=\"hidden\" name=\"_wpcf7_locale\" value=\"nl_NL\" \/><input type=\"hidden\" name=\"_wpcf7_unit_tag\" value=\"wpcf7-f576-o1\" \/><input type=\"hidden\" name=\"_wpcf7_container_post\" value=\"0\" \/><input type=\"hidden\" name=\"_wpcf7_posted_data_hash\" value=\"\" \/><input type=\"hidden\" name=\"_uacf7_hidden_conditional_fields\" value=\"\" \/>\n<\/fieldset>\n\t\t\t\t<style>\n\t\t\t\t\t.uacf7-uacf7style-576 label {\n\t\t\t\t\t\tcolor: #02468f;font-size: 18px;font-family: Nunito Sans;font-style: normal;font-weight: normal;\t\t\t\t\t}\n\n\t\t\t\t\t.uacf7-uacf7style-576 input[type=\"email\"],\n\t\t\t\t\t.uacf7-uacf7style-576 input[type=\"number\"],\n\t\t\t\t\t.uacf7-uacf7style-576 input[type=\"password\"],\n\t\t\t\t\t.uacf7-uacf7style-576 input[type=\"search\"],\n\t\t\t\t\t.uacf7-uacf7style-576 input[type=\"tel\"],\n\t\t\t\t\t.uacf7-uacf7style-576 input[type=\"text\"],\n\t\t\t\t\t.uacf7-uacf7style-576 input[type=\"url\"],\n\t\t\t\t\t.uacf7-uacf7style-576 input[type=\"date\"],\n\t\t\t\t\t.uacf7-uacf7style-576 input[type=\"radio\"],\n\t\t\t\t\t.uacf7-uacf7style-576 input[type=\"checkbox\"],\n\t\t\t\t\t.uacf7-uacf7style-576 select,\n\t\t\t\t\t.uacf7-uacf7style-576 textarea {\n\t\t\t\t\t\tcolor: #02468f;font-size: 18px;font-family: Nunito Sans;font-style: normal;font-weight: normal;border-style: solid!important;\t\t\t\t\t}\n\n\t\t\t\t\t.uacf7-uacf7style-576 .wpcf7-radio span,\n\t\t\t\t\t.uacf7-uacf7style-576 .wpcf7-checkbox span {\n\t\t\t\t\t\tcolor: #02468f;font-size: 18px;font-family: Nunito Sans;font-style: normal;font-weight: normal;\t\t\t\t\t}\n\n\t\t\t\t\t.uacf7-uacf7style-576 textarea {\n\t\t\t\t\t\t\t\t\t\t\t}\n\n\t\t\t\t\t.wpcf7-form-control-wrap select {\n\t\t\t\t\t\twidth: 100%;\n\t\t\t\t\t}\n\n\t\t\t\t\t.uacf7-uacf7style-576 input[type=\"submit\"] {\n\t\t\t\t\t\tcolor: #ffffff;background-color: #02468f;font-size: 18px;font-family: Nunito Sans;font-style: normal;font-weight: normal;border-width: 1px;border-color: #fed201;border-style: none;border-radius: 6px;padding-top: 4px;padding-right: 4px;padding-bottom: 4px;padding-left: 4px;\t\t\t\t\t}\n\n\t\t\t\t\t.uacf7-uacf7style-576 input[type=\"submit\"]:hover {\n\t\t\t\t\t\tcolor: #ffffff;background-color: #fed201;\t\t\t\t\t}\n\n\t\t\t\t\t\t\t\t\t<\/style>\n\n\t\t\t\t<div class=\"uacf7-uacf7style uacf7-uacf7style-576\"><div class=\"uacf7-form-wrapper-container uacf7-form-576  uacf7-uacf7style uacf7-uacf7style-576\"><label> Vorname*\n    <span class=\"wpcf7-form-control-wrap\" data-name=\"voornaam\"><input size=\"40\" maxlength=\"400\" class=\"wpcf7-form-control wpcf7-text wpcf7-validates-as-required\" autocomplete=\"name\" aria-required=\"true\" aria-invalid=\"false\" value=\"\" type=\"text\" name=\"voornaam\" \/><\/span> <\/label>\n\n<label> Nachname*\n    <span class=\"wpcf7-form-control-wrap\" data-name=\"achternaam\"><input size=\"40\" maxlength=\"400\" class=\"wpcf7-form-control wpcf7-text wpcf7-validates-as-required\" autocomplete=\"name\" aria-required=\"true\" aria-invalid=\"false\" value=\"\" type=\"text\" name=\"achternaam\" \/><\/span> <\/label>\n\n<label> E-Mail-Adresse*\n    <span class=\"wpcf7-form-control-wrap\" data-name=\"your-email\"><input size=\"40\" maxlength=\"400\" class=\"wpcf7-form-control wpcf7-email wpcf7-validates-as-required wpcf7-text wpcf7-validates-as-email\" autocomplete=\"email\" aria-required=\"true\" aria-invalid=\"false\" value=\"\" type=\"email\" name=\"your-email\" \/><\/span> <\/label>\n\n<label> Ich komme mit <\/label><span class=\"wpcf7-form-control-wrap\" data-name=\"radio-862\"><span class=\"wpcf7-form-control wpcf7-radio\"><span class=\"wpcf7-list-item first\"><label><input type=\"radio\" name=\"radio-862\" value=\"1\" checked=\"checked\" \/><span class=\"wpcf7-list-item-label\">1<\/span><\/label><\/span><span class=\"wpcf7-list-item\"><label><input type=\"radio\" name=\"radio-862\" value=\"2\" \/><span class=\"wpcf7-list-item-label\">2<\/span><\/label><\/span><span class=\"wpcf7-list-item last\"><label><input type=\"radio\" name=\"radio-862\" value=\"3\" \/><span class=\"wpcf7-list-item-label\">3<\/span><\/label><\/span><\/span><\/span><label> Personen <\/label>\n\n<span class=\"wpcf7-form-control-wrap\" data-name=\"acties\"><span class=\"wpcf7-form-control wpcf7-checkbox\"><span class=\"wpcf7-list-item first last\"><label><input type=\"checkbox\" name=\"acties[]\" value=\"Lionclubs Almere mogen mij benaderen voor hun andere acties voor het goede doel.\" \/><span class=\"wpcf7-list-item-label\">Lion Clubs Almere k\u00f6nnen mich f\u00fcr andere Wohlt\u00e4tigkeitsaktionen kontaktieren.<\/span><\/label><\/span><\/span><\/span>\n<span class=\"wpcf7-form-control-wrap\" data-name=\"privacy\"><span class=\"wpcf7-form-control wpcf7-checkbox wpcf7-validates-as-required\"><span class=\"wpcf7-list-item first last\"><label><input type=\"checkbox\" name=\"privacy[]\" value=\"Ik ben akkoord met het gebruik van mijn gegevens.\" \/><span class=\"wpcf7-list-item-label\">Ich stimme der Verwendung meiner Daten zu<\/span><\/label><\/span><\/span><\/span>\n<label> <\/label>\n\n<input class=\"wpcf7-form-control wpcf7-submit has-spinner\" type=\"submit\" value=\"Schicken\" \/><\/div><\/div><div class=\"wpcf7-response-output\" aria-hidden=\"true\"><\/div>\n<input type=\"hidden\" name=\"trp-form-language\" value=\"de\"\/><\/form>\n<\/div>\n<\/p><p>\u00a0<\/p>\t\t\t\t\t\t\t\t<\/div>\n\t\t\t\t<\/div>\n\t\t\t\t<div class=\"elementor-element elementor-element-7379e5b elementor-widget__width-auto elementor-widget elementor-widget-image\" data-id=\"7379e5b\" data-element_type=\"widget\" data-widget_type=\"image.default\">\n\t\t\t\t<div class=\"elementor-widget-container\">\n\t\t\t\t\t\t\t\t\t\t\t\t<figure class=\"wp-caption\">\n\t\t\t\t\t\t\t\t\t\t\t<a href=\"https:\/\/www.ing.nl\/payreq\/m\/?trxid=RYV7CKNQbri2FeU3IPwlf83ujESiPmV2\">\n\t\t\t\t\t\t\t<img decoding=\"async\" width=\"600\" height=\"600\" src=\"https:\/\/champagneactie.lionsalmerehelpen.nl\/wp-content\/uploads\/2025\/09\/QR-code-september.jpg\" class=\"attachment-large size-large wp-image-1151\" alt=\"\" srcset=\"https:\/\/champagneactie.lionsalmerehelpen.nl\/wp-content\/uploads\/2025\/09\/QR-code-september.jpg 600w, https:\/\/champagneactie.lionsalmerehelpen.nl\/wp-content\/uploads\/2025\/09\/QR-code-september-300x300.jpg 300w, https:\/\/champagneactie.lionsalmerehelpen.nl\/wp-content\/uploads\/2025\/09\/QR-code-september-150x150.jpg 150w, https:\/\/champagneactie.lionsalmerehelpen.nl\/wp-content\/uploads\/2025\/09\/QR-code-september-12x12.jpg 12w, https:\/\/champagneactie.lionsalmerehelpen.nl\/wp-content\/uploads\/2025\/09\/QR-code-september-100x100.jpg 100w\" sizes=\"(max-width: 600px) 100vw, 600px\" \/>\t\t\t\t\t\t\t\t<\/a>\n\t\t\t\t\t\t\t\t\t\t\t<figcaption class=\"widget-image-caption wp-caption-text\">Betaal direct voor de proeverij<\/figcaption>\n\t\t\t\t\t\t\t\t\t\t<\/figure>\n\t\t\t\t\t\t\t\t\t<\/div>\n\t\t\t\t<\/div>\n\t\t\t\t\t<\/div>\n\t\t\t\t<\/div>\n\t\t<div class=\"elementor-element elementor-element-f779fb8 e-flex e-con-boxed e-con e-parent\" data-id=\"f779fb8\" data-element_type=\"container\">\n\t\t\t\t\t<div class=\"e-con-inner\">\n\t\t\t\t<div class=\"elementor-element elementor-element-71efa9e elementor-widget__width-initial elementor-widget-mobile__width-initial elementor-widget elementor-widget-text-editor\" data-id=\"71efa9e\" data-element_type=\"widget\" data-widget_type=\"text-editor.default\">\n\t\t\t\t<div class=\"elementor-widget-container\">\n\t\t\t\t\t\t\t\t\t<h4>Standort:<\/h4><h4>Lionsclub Das Alte Land<\/h4><h4>Jork<\/h4><h4>.<\/h4>\t\t\t\t\t\t\t\t<\/div>\n\t\t\t\t<\/div>\n\t\t\t\t\t<\/div>\n\t\t\t\t<\/div>\n\t\t\t\t<\/div>","protected":false},"excerpt":{"rendered":"<p>Champagne proeverij oktober 2025 Volledig verzorgde champagne proeverij Woensdag 1 oktober 2025 starttijd 19:00. Inloop vanaf 18:30. Wij schenken verschillende champagnes, vergezeld van diverse hapjes.\u00a0\u00a0 Deelname is 7,50 euro per persoon. Meld je aan en betaal gelijk met de QR-code op deze pagina. Champagne kopen voor het Goede Doel De champagnes zijn per fles (6 [&hellip;]<\/p>","protected":false},"author":1,"featured_media":0,"parent":0,"menu_order":0,"comment_status":"closed","ping_status":"closed","template":"","meta":{"footnotes":""},"class_list":["post-887","page","type-page","status-publish","hentry"],"blocksy_meta":[],"jetpack_sharing_enabled":true,"_links":{"self":[{"href":"https:\/\/champagneactie.lionsalmerehelpen.nl\/de\/wp-json\/wp\/v2\/pages\/887","targetHints":{"allow":["GET"]}}],"collection":[{"href":"https:\/\/champagneactie.lionsalmerehelpen.nl\/de\/wp-json\/wp\/v2\/pages"}],"about":[{"href":"https:\/\/champagneactie.lionsalmerehelpen.nl\/de\/wp-json\/wp\/v2\/types\/page"}],"author":[{"embeddable":true,"href":"https:\/\/champagneactie.lionsalmerehelpen.nl\/de\/wp-json\/wp\/v2\/users\/1"}],"replies":[{"embeddable":true,"href":"https:\/\/champagneactie.lionsalmerehelpen.nl\/de\/wp-json\/wp\/v2\/comments?post=887"}],"version-history":[{"count":83,"href":"https:\/\/champagneactie.lionsalmerehelpen.nl\/de\/wp-json\/wp\/v2\/pages\/887\/revisions"}],"predecessor-version":[{"id":1165,"href":"https:\/\/champagneactie.lionsalmerehelpen.nl\/de\/wp-json\/wp\/v2\/pages\/887\/revisions\/1165"}],"wp:attachment":[{"href":"https:\/\/champagneactie.lionsalmerehelpen.nl\/de\/wp-json\/wp\/v2\/media?parent=887"}],"curies":[{"name":"wp","href":"https:\/\/api.w.org\/{rel}","templated":true}]}}