{"id":910,"date":"2025-02-19T12:19:31","date_gmt":"2025-02-19T11:19:31","guid":{"rendered":"https:\/\/champagneactie.lionsalmerehelpen.nl\/?page_id=910"},"modified":"2025-05-01T11:40:45","modified_gmt":"2025-05-01T09:40:45","slug":"home25","status":"publish","type":"page","link":"https:\/\/champagneactie.lionsalmerehelpen.nl\/de\/","title":{"rendered":"Home"},"content":{"rendered":"<div data-elementor-type=\"wp-page\" data-elementor-id=\"910\" class=\"elementor elementor-910\">\n\t\t\t\t<div class=\"elementor-element elementor-element-cdcd386 e-flex e-con-boxed e-con e-parent\" data-id=\"cdcd386\" data-element_type=\"container\">\n\t\t\t\t\t<div class=\"e-con-inner\">\n\t\t\t\t<div class=\"elementor-element elementor-element-253cc97 elementor-widget elementor-widget-text-editor\" data-id=\"253cc97\" data-element_type=\"widget\" data-widget_type=\"text-editor.default\">\n\t\t\t\t<div class=\"elementor-widget-container\">\n\t\t\t\t\t\t\t\t\t<p>Champagner-Aktion 2025<\/p>\t\t\t\t\t\t\t\t<\/div>\n\t\t\t\t<\/div>\n\t\t\t\t\t<\/div>\n\t\t\t\t<\/div>\n\t\t<div class=\"elementor-element elementor-element-c72aa20 e-flex e-con-boxed e-con e-parent\" data-id=\"c72aa20\" data-element_type=\"container\">\n\t\t\t\t\t<div class=\"e-con-inner\">\n\t\t\t\t<div class=\"elementor-element elementor-element-5110419 elementor-widget elementor-widget-image\" data-id=\"5110419\" data-element_type=\"widget\" data-widget_type=\"image.default\">\n\t\t\t\t<div class=\"elementor-widget-container\">\n\t\t\t\t\t\t\t\t\t\t\t\t\t\t\t<img fetchpriority=\"high\" decoding=\"async\" width=\"1024\" height=\"452\" src=\"https:\/\/champagneactie.lionsalmerehelpen.nl\/wp-content\/uploads\/2025\/02\/grapes2-1024x452.png\" class=\"attachment-large size-large wp-image-914\" alt=\"\" srcset=\"https:\/\/champagneactie.lionsalmerehelpen.nl\/wp-content\/uploads\/2025\/02\/grapes2-1024x452.png 1024w, https:\/\/champagneactie.lionsalmerehelpen.nl\/wp-content\/uploads\/2025\/02\/grapes2-300x132.png 300w, https:\/\/champagneactie.lionsalmerehelpen.nl\/wp-content\/uploads\/2025\/02\/grapes2-768x339.png 768w, https:\/\/champagneactie.lionsalmerehelpen.nl\/wp-content\/uploads\/2025\/02\/grapes2-600x265.png 600w, https:\/\/champagneactie.lionsalmerehelpen.nl\/wp-content\/uploads\/2025\/02\/grapes2.png 1199w\" sizes=\"(max-width: 1024px) 100vw, 1024px\" \/>\t\t\t\t\t\t\t\t\t\t\t\t\t\t\t<\/div>\n\t\t\t\t<\/div>\n\t\t\t\t\t<\/div>\n\t\t\t\t<\/div>\n\t\t<div class=\"elementor-element elementor-element-b2c3f44 e-flex e-con-boxed e-con e-parent\" data-id=\"b2c3f44\" data-element_type=\"container\">\n\t\t\t\t\t<div class=\"e-con-inner\">\n\t\t\t\t<div class=\"elementor-element elementor-element-2cb8546 elementor-widget elementor-widget-text-editor\" data-id=\"2cb8546\" data-element_type=\"widget\" data-widget_type=\"text-editor.default\">\n\t\t\t\t<div class=\"elementor-widget-container\">\n\t\t\t\t\t\t\t\t\t<p><strong>Willkommen zur Champagner-Aktion des Lions-Clubs Almere.<\/strong><br \/>Hier k\u00f6nnen Sie unsere Lieblingschampagner kaufen, die wir selbst aus Frankreich beziehen: Allesamt interessante, schmackhafte Champagner von hoher Qualit\u00e4t zu freundlichen Preisen.<br \/>Am 26. September veranstalten wir eine Verkostung im Lionsclub Das Alte Land in Jork, bei der Sie Ihren Favoriten entdecken k\u00f6nnen.<br \/><strong>Und Sie unterst\u00fctzen auch noch einen guten Zweck!<\/strong><br \/>Mit dem Erl\u00f6s dieser Kampagne unterst\u00fctzen die Almere Lions Clubs Kinder in einer schwierigen Lebensphase.<br \/>In diesem Jahr konzentrieren wir uns darauf, Kindern zu helfen, die gezwungen sind, ins Krankenhaus zu gehen.<br \/>Mit dem diesj\u00e4hrigen Erl\u00f6s werden wir die Wohnbereiche der Kinderabteilung des Flevoziekenhuis kinderfreundlich gestalten und so das Erlebnis und die Genesung der Kinder positiv beeinflussen.<\/p>\t\t\t\t\t\t\t\t<\/div>\n\t\t\t\t<\/div>\n\t\t\t\t\t<\/div>\n\t\t\t\t<\/div>\n\t\t<div class=\"elementor-element elementor-element-a3a5493 e-flex e-con-boxed e-con e-parent\" data-id=\"a3a5493\" data-element_type=\"container\">\n\t\t\t\t\t<div class=\"e-con-inner\">\n\t\t\t\t<div class=\"elementor-element elementor-element-66cc5d5 elementor-widget elementor-widget-text-editor\" data-id=\"66cc5d5\" data-element_type=\"widget\" data-widget_type=\"text-editor.default\">\n\t\t\t\t<div class=\"elementor-widget-container\">\n\t\t\t\t\t\t\t\t\t<p>Wir sind stolz, dies organisieren zu d\u00fcrfen und danken Ihnen f\u00fcr Ihre Unterst\u00fctzung!<\/p>\t\t\t\t\t\t\t\t<\/div>\n\t\t\t\t<\/div>\n\t\t\t\t\t<\/div>\n\t\t\t\t<\/div>\n\t\t<div class=\"elementor-element elementor-element-bb071a7 e-flex e-con-boxed e-con e-parent\" data-id=\"bb071a7\" data-element_type=\"container\">\n\t\t\t\t\t<div class=\"e-con-inner\">\n\t\t\t\t<div class=\"elementor-element elementor-element-9ea467d elementor-widget elementor-widget-text-editor\" data-id=\"9ea467d\" data-element_type=\"widget\" data-widget_type=\"text-editor.default\">\n\t\t\t\t<div class=\"elementor-widget-container\">\n\t\t\t\t\t\t\t\t\t<p>Der Erl\u00f6s f\u00fcr wohlt\u00e4tige Zwecke ist noch h\u00f6her, da der Ort f\u00fcr die Verkostung kostenlos zur Verf\u00fcgung gestellt wird:<\/p>\t\t\t\t\t\t\t\t<\/div>\n\t\t\t\t<\/div>\n\t\t\t\t\t<\/div>\n\t\t\t\t<\/div>\n\t\t<div class=\"elementor-element elementor-element-3acd69b e-flex e-con-boxed e-con e-parent\" data-id=\"3acd69b\" data-element_type=\"container\">\n\t\t\t\t\t<div class=\"e-con-inner\">\n\t\t\t\t<div class=\"elementor-element elementor-element-e1b7312 elementor-widget elementor-widget-image\" data-id=\"e1b7312\" data-element_type=\"widget\" data-widget_type=\"image.default\">\n\t\t\t\t<div class=\"elementor-widget-container\">\n\t\t\t\t\t\t\t\t\t\t\t\t\t\t\t\t<a href=\"https:\/\/puurzentrum.nl\/\">\n\t\t\t\t\t\t\t<img decoding=\"async\" width=\"748\" height=\"266\" src=\"https:\/\/champagneactie.lionsalmerehelpen.nl\/wp-content\/uploads\/2024\/10\/puur.png\" class=\"attachment-large size-large wp-image-805\" alt=\"\" srcset=\"https:\/\/champagneactie.lionsalmerehelpen.nl\/wp-content\/uploads\/2024\/10\/puur.png 748w, https:\/\/champagneactie.lionsalmerehelpen.nl\/wp-content\/uploads\/2024\/10\/puur-300x107.png 300w, https:\/\/champagneactie.lionsalmerehelpen.nl\/wp-content\/uploads\/2024\/10\/puur-600x213.png 600w\" sizes=\"(max-width: 748px) 100vw, 748px\" \/>\t\t\t\t\t\t\t\t<\/a>\n\t\t\t\t\t\t\t\t\t\t\t\t\t\t\t<\/div>\n\t\t\t\t<\/div>\n\t\t\t\t\t<\/div>\n\t\t\t\t<\/div>\n\t\t\t\t<\/div>","protected":false},"excerpt":{"rendered":"<p>Champagneactie 2025 Welkom bij de Champagne actie van Lions clubs Almere.Hier koop je onze favoriete champagnes die wij zelf uit Frankrijk halen: Stuk voor stuk interessante, lekkere champagnes van hoge kwaliteit tegen vriendelijke prijzen.1 oktober organiseren wij een proeverij bij PUUR ZENtrum in Almere, waar je jouw favoriet kunt ontdekken.En je steunt ook nog eens [&hellip;]<\/p>","protected":false},"author":1,"featured_media":0,"parent":0,"menu_order":0,"comment_status":"closed","ping_status":"closed","template":"","meta":{"footnotes":""},"class_list":["post-910","page","type-page","status-publish","hentry"],"blocksy_meta":[],"jetpack_sharing_enabled":true,"_links":{"self":[{"href":"https:\/\/champagneactie.lionsalmerehelpen.nl\/de\/wp-json\/wp\/v2\/pages\/910","targetHints":{"allow":["GET"]}}],"collection":[{"href":"https:\/\/champagneactie.lionsalmerehelpen.nl\/de\/wp-json\/wp\/v2\/pages"}],"about":[{"href":"https:\/\/champagneactie.lionsalmerehelpen.nl\/de\/wp-json\/wp\/v2\/types\/page"}],"author":[{"embeddable":true,"href":"https:\/\/champagneactie.lionsalmerehelpen.nl\/de\/wp-json\/wp\/v2\/users\/1"}],"replies":[{"embeddable":true,"href":"https:\/\/champagneactie.lionsalmerehelpen.nl\/de\/wp-json\/wp\/v2\/comments?post=910"}],"version-history":[{"count":26,"href":"https:\/\/champagneactie.lionsalmerehelpen.nl\/de\/wp-json\/wp\/v2\/pages\/910\/revisions"}],"predecessor-version":[{"id":1070,"href":"https:\/\/champagneactie.lionsalmerehelpen.nl\/de\/wp-json\/wp\/v2\/pages\/910\/revisions\/1070"}],"wp:attachment":[{"href":"https:\/\/champagneactie.lionsalmerehelpen.nl\/de\/wp-json\/wp\/v2\/media?parent=910"}],"curies":[{"name":"wp","href":"https:\/\/api.w.org\/{rel}","templated":true}]}}