{"id":981,"date":"2025-03-23T14:06:31","date_gmt":"2025-03-23T13:06:31","guid":{"rendered":"https:\/\/champagneactie.lionsalmerehelpen.nl\/?page_id=981"},"modified":"2025-03-23T15:05:45","modified_gmt":"2025-03-23T14:05:45","slug":"lequien-et-fils","status":"publish","type":"page","link":"https:\/\/champagneactie.lionsalmerehelpen.nl\/de\/lequien-et-fils\/","title":{"rendered":"Lequien et Fils"},"content":{"rendered":"<div data-elementor-type=\"wp-page\" data-elementor-id=\"981\" class=\"elementor elementor-981\">\n\t\t\t\t<div class=\"elementor-element elementor-element-a2d97bf e-flex e-con-boxed e-con e-parent\" data-id=\"a2d97bf\" data-element_type=\"container\">\n\t\t\t\t\t<div class=\"e-con-inner\">\n\t\t\t\t<div class=\"elementor-element elementor-element-ccb56de elementor-widget elementor-widget-heading\" data-id=\"ccb56de\" data-element_type=\"widget\" data-widget_type=\"heading.default\">\n\t\t\t\t<div class=\"elementor-widget-container\">\n\t\t\t\t\t<h2 class=\"elementor-heading-title elementor-size-default\">Lequien et fils<\/h2>\t\t\t\t<\/div>\n\t\t\t\t<\/div>\n\t\t\t\t\t<\/div>\n\t\t\t\t<\/div>\n\t\t<div class=\"elementor-element elementor-element-4465022 e-flex e-con-boxed e-con e-parent\" data-id=\"4465022\" data-element_type=\"container\">\n\t\t\t\t\t<div class=\"e-con-inner\">\n\t\t\t\t<div class=\"elementor-element elementor-element-0c3512d elementor-widget elementor-widget-image\" data-id=\"0c3512d\" data-element_type=\"widget\" data-widget_type=\"image.default\">\n\t\t\t\t<div class=\"elementor-widget-container\">\n\t\t\t\t\t\t\t\t\t\t\t\t\t\t\t<img fetchpriority=\"high\" decoding=\"async\" width=\"1024\" height=\"683\" src=\"https:\/\/champagneactie.lionsalmerehelpen.nl\/wp-content\/uploads\/2025\/03\/071-1-1024x683-1.jpg\" class=\"attachment-large size-large wp-image-1024\" alt=\"\" srcset=\"https:\/\/champagneactie.lionsalmerehelpen.nl\/wp-content\/uploads\/2025\/03\/071-1-1024x683-1.jpg 1024w, https:\/\/champagneactie.lionsalmerehelpen.nl\/wp-content\/uploads\/2025\/03\/071-1-1024x683-1-300x200.jpg 300w, https:\/\/champagneactie.lionsalmerehelpen.nl\/wp-content\/uploads\/2025\/03\/071-1-1024x683-1-768x512.jpg 768w, https:\/\/champagneactie.lionsalmerehelpen.nl\/wp-content\/uploads\/2025\/03\/071-1-1024x683-1-600x400.jpg 600w\" sizes=\"(max-width: 1024px) 100vw, 1024px\" \/>\t\t\t\t\t\t\t\t\t\t\t\t\t\t\t<\/div>\n\t\t\t\t<\/div>\n\t\t\t\t\t<\/div>\n\t\t\t\t<\/div>\n\t\t<div class=\"elementor-element elementor-element-09a4dc4 e-flex e-con-boxed e-con e-parent\" data-id=\"09a4dc4\" data-element_type=\"container\">\n\t\t\t\t\t<div class=\"e-con-inner\">\n\t\t\t\t<div class=\"elementor-element elementor-element-caf0143 elementor-widget__width-initial elementor-widget elementor-widget-text-editor\" data-id=\"caf0143\" data-element_type=\"widget\" data-widget_type=\"text-editor.default\">\n\t\t\t\t<div class=\"elementor-widget-container\">\n\t\t\t\t\t\t\t\t\t<p>Die Urspr\u00fcnge des Champagnerhauses <strong>Lequien et fils<\/strong> ist etwas Besonderes. Max war Sch\u00e4fer und lebte in der Champagnerregion. Eins f\u00fchrte zum anderen: Er verliebte sich in die Region und die Champagnerweine und beschloss, das Winzerhandwerk zu erlernen und eigene Reben zu besitzen. Er bezog die Reben aus den umliegenden Gemeinden Chavot-Courcourt, Verneuil, Vincelles, Chavenay, Epernay, Mardeuil, Brugny-Vaudancourt und Vassieux und veredelte sie auf einem 7 ha gro\u00dfen Anwesen zu drei Champagner-Rebsorten.<br \/>In 1995 nam zijn zoon Philippe de bedrijfsvoering over. Om zijn vader te eren werd een nieuw logo ontwikkeld met daarop een schaap om de oorsprong van het huis te eren.<br \/>Philippe ist f\u00fcr die t\u00e4gliche Leitung des Champagnerhauses verantwortlich und engagiert sich auch sehr f\u00fcr die verantwortungsvolle Bewirtschaftung des Weinbergs.  Der Weinberg tr\u00e4gt seit 4 Jahren das Label Haute Valeur Environnement, das f\u00fcr mehr Artenvielfalt in den Weinbergen, einen begrenzten Einsatz von Pestiziden und D\u00fcngemitteln sowie einen kontrollierten Wasserverbrauch steht. Dar\u00fcber hinaus wird der Weinberg seit 12 Jahren nachhaltig bewirtschaftet, wobei die Artenvielfalt im Vordergrund steht. Philippe ist daher ein Vorbild f\u00fcr andere Winzer und er setzt alles daran, diese Arbeitsweise auf die umliegenden Weing\u00fcter in seiner eigenen und umliegenden Gemeinde zu \u00fcbertragen.<br \/>Seine Frau G\u00e9raldine und ihre Tochter Charlotte sind f\u00fcr alle Kundenkontakte verantwortlich und k\u00fcmmern sich um die Verkostungen in La Bergerie (dem Schafstall). Dieser Raum bietet Blick auf den Weinberg und die Umgebung des Dorfes. Ein wundersch\u00f6ner Ort, um die verschiedenen Champagner zu probieren. Ob morgens beim Aufwachen am Tag oder nachmittags bei herrlicher Sonne. Sie unterst\u00fctzen und leiten auch soziale Gruppen bei verschiedenen Aktivit\u00e4ten auf dem Anwesen.<\/p>\t\t\t\t\t\t\t\t<\/div>\n\t\t\t\t<\/div>\n\t\t\t\t\t<\/div>\n\t\t\t\t<\/div>\n\t\t\t\t<\/div>","protected":false},"excerpt":{"rendered":"<p>Lequien et fils De oorsprong van het champagnehuis Lequien et fils is bijzonder. Max was schaapsherder en verbleef in de champagnestreek. Van het een kwam het ander: hij werd verliefd op de streek en de champagnewijnen en nam het besluit om het vak van wijnboer te leren en om eigen wijnstokken te bezitten. Hij haalde [&hellip;]<\/p>","protected":false},"author":1,"featured_media":0,"parent":0,"menu_order":0,"comment_status":"closed","ping_status":"closed","template":"","meta":{"footnotes":""},"class_list":["post-981","page","type-page","status-publish","hentry"],"blocksy_meta":[],"jetpack_sharing_enabled":true,"_links":{"self":[{"href":"https:\/\/champagneactie.lionsalmerehelpen.nl\/de\/wp-json\/wp\/v2\/pages\/981","targetHints":{"allow":["GET"]}}],"collection":[{"href":"https:\/\/champagneactie.lionsalmerehelpen.nl\/de\/wp-json\/wp\/v2\/pages"}],"about":[{"href":"https:\/\/champagneactie.lionsalmerehelpen.nl\/de\/wp-json\/wp\/v2\/types\/page"}],"author":[{"embeddable":true,"href":"https:\/\/champagneactie.lionsalmerehelpen.nl\/de\/wp-json\/wp\/v2\/users\/1"}],"replies":[{"embeddable":true,"href":"https:\/\/champagneactie.lionsalmerehelpen.nl\/de\/wp-json\/wp\/v2\/comments?post=981"}],"version-history":[{"count":10,"href":"https:\/\/champagneactie.lionsalmerehelpen.nl\/de\/wp-json\/wp\/v2\/pages\/981\/revisions"}],"predecessor-version":[{"id":1027,"href":"https:\/\/champagneactie.lionsalmerehelpen.nl\/de\/wp-json\/wp\/v2\/pages\/981\/revisions\/1027"}],"wp:attachment":[{"href":"https:\/\/champagneactie.lionsalmerehelpen.nl\/de\/wp-json\/wp\/v2\/media?parent=981"}],"curies":[{"name":"wp","href":"https:\/\/api.w.org\/{rel}","templated":true}]}}