{"id":987,"date":"2025-03-23T14:19:14","date_gmt":"2025-03-23T13:19:14","guid":{"rendered":"https:\/\/champagneactie.lionsalmerehelpen.nl\/?page_id=987"},"modified":"2025-03-23T14:23:02","modified_gmt":"2025-03-23T13:23:02","slug":"pascal-etienne","status":"publish","type":"page","link":"https:\/\/champagneactie.lionsalmerehelpen.nl\/de\/pascal-etienne\/","title":{"rendered":"Pascal Etienne"},"content":{"rendered":"<div data-elementor-type=\"wp-page\" data-elementor-id=\"987\" class=\"elementor elementor-987\">\n\t\t\t\t<div class=\"elementor-element elementor-element-13cb44b e-flex e-con-boxed e-con e-parent\" data-id=\"13cb44b\" data-element_type=\"container\">\n\t\t\t\t\t<div class=\"e-con-inner\">\n\t\t\t\t<div class=\"elementor-element elementor-element-bdae03d elementor-widget elementor-widget-heading\" data-id=\"bdae03d\" data-element_type=\"widget\" data-widget_type=\"heading.default\">\n\t\t\t\t<div class=\"elementor-widget-container\">\n\t\t\t\t\t<h2 class=\"elementor-heading-title elementor-size-default\">Pascal Etienne<\/h2>\t\t\t\t<\/div>\n\t\t\t\t<\/div>\n\t\t\t\t\t<\/div>\n\t\t\t\t<\/div>\n\t\t<div class=\"elementor-element elementor-element-332e048 e-flex e-con-boxed e-con e-parent\" data-id=\"332e048\" data-element_type=\"container\">\n\t\t\t\t\t<div class=\"e-con-inner\">\n\t\t\t\t<div class=\"elementor-element elementor-element-5196761 elementor-widget elementor-widget-image\" data-id=\"5196761\" data-element_type=\"widget\" data-widget_type=\"image.default\">\n\t\t\t\t<div class=\"elementor-widget-container\">\n\t\t\t\t\t\t\t\t\t\t\t\t\t\t\t<img fetchpriority=\"high\" decoding=\"async\" width=\"1024\" height=\"452\" src=\"https:\/\/champagneactie.lionsalmerehelpen.nl\/wp-content\/uploads\/2025\/02\/grapes2-1024x452.png\" class=\"attachment-large size-large wp-image-914\" alt=\"\" srcset=\"https:\/\/champagneactie.lionsalmerehelpen.nl\/wp-content\/uploads\/2025\/02\/grapes2-1024x452.png 1024w, https:\/\/champagneactie.lionsalmerehelpen.nl\/wp-content\/uploads\/2025\/02\/grapes2-300x132.png 300w, https:\/\/champagneactie.lionsalmerehelpen.nl\/wp-content\/uploads\/2025\/02\/grapes2-768x339.png 768w, https:\/\/champagneactie.lionsalmerehelpen.nl\/wp-content\/uploads\/2025\/02\/grapes2-600x265.png 600w, https:\/\/champagneactie.lionsalmerehelpen.nl\/wp-content\/uploads\/2025\/02\/grapes2.png 1199w\" sizes=\"(max-width: 1024px) 100vw, 1024px\" \/>\t\t\t\t\t\t\t\t\t\t\t\t\t\t\t<\/div>\n\t\t\t\t<\/div>\n\t\t\t\t\t<\/div>\n\t\t\t\t<\/div>\n\t\t<div class=\"elementor-element elementor-element-af6f5b3 e-flex e-con-boxed e-con e-parent\" data-id=\"af6f5b3\" data-element_type=\"container\">\n\t\t\t\t\t<div class=\"e-con-inner\">\n\t\t\t\t<div class=\"elementor-element elementor-element-84a08a4 elementor-widget__width-initial elementor-widget elementor-widget-text-editor\" data-id=\"84a08a4\" data-element_type=\"widget\" data-widget_type=\"text-editor.default\">\n\t\t\t\t<div class=\"elementor-widget-container\">\n\t\t\t\t\t\t\t\t\t<p>Nachdem ich bis 1993 mit meinem Vater Jean-Marie zusammengearbeitet hatte, folgte ich ihm auf dem Familiengut nach: etwa 6 Hektar Weinberge im Marne-Tal, rund um Cumi\u00e8res (mein Heimatdorf), Hautvillers und Mardeuil (das Heimatdorf meiner Frau Sandrine, ebenfalls Tochter einer Winzerfamilie, die t\u00e4glich mit mir zusammenarbeitet).<br \/>Als <strong>Pascal Etienne<\/strong> sind wir unabh\u00e4ngige Winzer: Wir kontrollieren die gesamte Produktionskette: Wir bewirtschaften unsere Reben selbst, keltern unsere Trauben, produzieren unsere Jahrg\u00e4nge in unseren Kellern und verkaufen unsere Flaschen.<br \/>Wir bauen die 3 Champenois-Rebsorten (Meunier, Pinot Noir und Chardonnay) an, die wir in unterschiedlichen Anteilen vermischen, um jeden unserer Jahrg\u00e4nge zu produzieren.<br \/>Unsere Champagner reifen etwa drei Jahre in unseren Kellern, bevor sie zum Verkauf angeboten werden.<br \/>Unser j\u00fcngster Sohn Baptiste schlie\u00dft gerade sein Studium des Weinbaus und der \u00d6nologie ab und wir freuen uns, dass er bald in unser Familiengut eintreten wird.<\/p>\t\t\t\t\t\t\t\t<\/div>\n\t\t\t\t<\/div>\n\t\t\t\t\t<\/div>\n\t\t\t\t<\/div>\n\t\t\t\t<\/div>","protected":false},"excerpt":{"rendered":"<p>Pascal Etienne Na tot 1993 met mijn vader Jean-Marie te hebben gewerkt, heb ik hem opgevolgd op het familielandgoed: ongeveer 6 ha wijnstokken verbouwd in de Marne-vallei, rond Cumi\u00e8res (mijn geboortedorp), Hautvillers en Mardeuil (het geboortedorp van mijn vrouw Sandrine, ook de dochter van een familie van wijnbouwers, die dagelijks met mij samenwerkt).Als Pascal Etienne [&hellip;]<\/p>","protected":false},"author":1,"featured_media":0,"parent":0,"menu_order":0,"comment_status":"closed","ping_status":"closed","template":"","meta":{"footnotes":""},"class_list":["post-987","page","type-page","status-publish","hentry"],"blocksy_meta":[],"jetpack_sharing_enabled":true,"_links":{"self":[{"href":"https:\/\/champagneactie.lionsalmerehelpen.nl\/de\/wp-json\/wp\/v2\/pages\/987","targetHints":{"allow":["GET"]}}],"collection":[{"href":"https:\/\/champagneactie.lionsalmerehelpen.nl\/de\/wp-json\/wp\/v2\/pages"}],"about":[{"href":"https:\/\/champagneactie.lionsalmerehelpen.nl\/de\/wp-json\/wp\/v2\/types\/page"}],"author":[{"embeddable":true,"href":"https:\/\/champagneactie.lionsalmerehelpen.nl\/de\/wp-json\/wp\/v2\/users\/1"}],"replies":[{"embeddable":true,"href":"https:\/\/champagneactie.lionsalmerehelpen.nl\/de\/wp-json\/wp\/v2\/comments?post=987"}],"version-history":[{"count":4,"href":"https:\/\/champagneactie.lionsalmerehelpen.nl\/de\/wp-json\/wp\/v2\/pages\/987\/revisions"}],"predecessor-version":[{"id":991,"href":"https:\/\/champagneactie.lionsalmerehelpen.nl\/de\/wp-json\/wp\/v2\/pages\/987\/revisions\/991"}],"wp:attachment":[{"href":"https:\/\/champagneactie.lionsalmerehelpen.nl\/de\/wp-json\/wp\/v2\/media?parent=987"}],"curies":[{"name":"wp","href":"https:\/\/api.w.org\/{rel}","templated":true}]}}