{"id":992,"date":"2025-03-23T14:24:23","date_gmt":"2025-03-23T13:24:23","guid":{"rendered":"https:\/\/champagneactie.lionsalmerehelpen.nl\/?page_id=992"},"modified":"2025-03-23T14:45:12","modified_gmt":"2025-03-23T13:45:12","slug":"emile-lecle","status":"publish","type":"page","link":"https:\/\/champagneactie.lionsalmerehelpen.nl\/de\/emile-lecle\/","title":{"rendered":"Emile Leclere"},"content":{"rendered":"<div data-elementor-type=\"wp-page\" data-elementor-id=\"992\" class=\"elementor elementor-992\">\n\t\t\t\t<div class=\"elementor-element elementor-element-348ccf3 e-flex e-con-boxed e-con e-parent\" data-id=\"348ccf3\" data-element_type=\"container\">\n\t\t\t\t\t<div class=\"e-con-inner\">\n\t\t\t\t<div class=\"elementor-element elementor-element-fb635fc elementor-widget elementor-widget-heading\" data-id=\"fb635fc\" data-element_type=\"widget\" data-widget_type=\"heading.default\">\n\t\t\t\t<div class=\"elementor-widget-container\">\n\t\t\t\t\t<h2 class=\"elementor-heading-title elementor-size-default\">Emile Lecl\u00e8re<\/h2>\t\t\t\t<\/div>\n\t\t\t\t<\/div>\n\t\t\t\t\t<\/div>\n\t\t\t\t<\/div>\n\t\t<div class=\"elementor-element elementor-element-f59ea31 e-flex e-con-boxed e-con e-parent\" data-id=\"f59ea31\" data-element_type=\"container\">\n\t\t\t\t\t<div class=\"e-con-inner\">\n\t\t\t\t<div class=\"elementor-element elementor-element-9939ce6 elementor-widget elementor-widget-image\" data-id=\"9939ce6\" data-element_type=\"widget\" data-widget_type=\"image.default\">\n\t\t\t\t<div class=\"elementor-widget-container\">\n\t\t\t\t\t\t\t\t\t\t\t\t\t\t\t<img fetchpriority=\"high\" decoding=\"async\" width=\"1023\" height=\"1001\" src=\"https:\/\/champagneactie.lionsalmerehelpen.nl\/wp-content\/uploads\/2025\/02\/Leclere2.png\" class=\"attachment-large size-large wp-image-896\" alt=\"\" srcset=\"https:\/\/champagneactie.lionsalmerehelpen.nl\/wp-content\/uploads\/2025\/02\/Leclere2.png 1023w, https:\/\/champagneactie.lionsalmerehelpen.nl\/wp-content\/uploads\/2025\/02\/Leclere2-300x294.png 300w, https:\/\/champagneactie.lionsalmerehelpen.nl\/wp-content\/uploads\/2025\/02\/Leclere2-768x751.png 768w, https:\/\/champagneactie.lionsalmerehelpen.nl\/wp-content\/uploads\/2025\/02\/Leclere2-600x587.png 600w\" sizes=\"(max-width: 1023px) 100vw, 1023px\" \/>\t\t\t\t\t\t\t\t\t\t\t\t\t\t\t<\/div>\n\t\t\t\t<\/div>\n\t\t\t\t\t<\/div>\n\t\t\t\t<\/div>\n\t\t<div class=\"elementor-element elementor-element-62b4d60 e-flex e-con-boxed e-con e-parent\" data-id=\"62b4d60\" data-element_type=\"container\">\n\t\t\t\t\t<div class=\"e-con-inner\">\n\t\t\t\t<div class=\"elementor-element elementor-element-23993cd elementor-widget__width-initial elementor-widget elementor-widget-text-editor\" data-id=\"23993cd\" data-element_type=\"widget\" data-widget_type=\"text-editor.default\">\n\t\t\t\t<div class=\"elementor-widget-container\">\n\t\t\t\t\t\t\t\t\t<p>Das Haus <strong>Emile Lecl\u00e8re<\/strong> liegt im Herzen der Weinberge der Champagne, in Mardeuil (2 km von Epernay entfernt), mitten im Marne-Tal. Das Besondere ist, dass sich dieses 1832 gegr\u00fcndete Familienunternehmen seit 5 Generationen mit gleicher Leidenschaft und Know-how weiterentwickelt.<br \/><span style=\"text-decoration: underline;\">5 Generationen<\/span><br \/>-Jules und Marie LECL\u00c9RE pflanzten die ersten Reben (20 Hektar)<br \/>-Emile &amp; H\u00e9l\u00e8ne LECLERE haben die 1. Flasche BRUT RESERVE EMILE LECLERE verkauft<br \/>-Jean &amp; Andr\u00e9e DELOUVIN verkauften die erste Flasche BICENTENARY (zum 200-j\u00e4hrigen Jubil\u00e4um des Hauses)<br \/>-Guy &amp; Dominique DELOUVIN verkauften die erste Flasche 100 % MEUNIER<br \/>-Derzeit wird die 5. Generation von Vincent (Weinberg und Weinbau) und Marie (Verkauf und Logistik) vertreten.<br \/>Wir produzieren etwa 110.000 Flaschen pro Jahr. Unser Weinberg (13 ha) besteht zu 60 % aus Pinot Meunier, zu 30 % aus Chardonnay und zu 10 % aus Pinot Noir.<br \/>Wir verkaufen 50 % in Frankreich und exportieren 50 % weltweit.<br \/>Von der Ernte bis zur Abf\u00fcllung wird jeder Produktionsschritt unseres Champagners von uns durchgef\u00fchrt, um die gleichbleibende Qualit\u00e4t unserer verschiedenen Jahrg\u00e4nge zu gew\u00e4hrleisten. Wir sind v\u00f6llig unabh\u00e4ngig.<br \/>Mit unserem neuen 1 Hektar gro\u00dfen Presszentrum pressen wir unsere eigene Ernte, aber auch f\u00fcr die \u201egro\u00dfen\u201c H\u00e4user wie MOET ET CHANDON, VEUVE CLIQUOT HENRIOT, PALMER \u2026 und wir pressen auch einen Teil ihrer Ernte f\u00fcr kleinere H\u00e4user!<br \/>Im Jahr 2021 haben wir zwei Zertifizierungen erhalten: HVE und VDC (Stufe 3); Aus Sorge um die Umwelt wollte das Haus EMILE LECL\u00c9RE einen klaren Umweltansatz verfolgen.<\/p>\t\t\t\t\t\t\t\t<\/div>\n\t\t\t\t<\/div>\n\t\t\t\t\t<\/div>\n\t\t\t\t<\/div>\n\t\t\t\t<\/div>","protected":false},"excerpt":{"rendered":"<p>Emile Lecl\u00e8re Het huis Emile Lecl\u00e8re ligt in het hart van de Champagne-wijngaarden, in Mardeuil (2 km van Epernay), precies in het midden van de Marne-vallei. Het is bijzonder dat dit familiebedrijf, opgericht in 1832, zich al 5 generaties lang met evenveel passie als knowhow ontwikkeld.5 generaties-Jules en Marie LECL\u00c9RE plantten de eerste wijnstokken (20 [&hellip;]<\/p>","protected":false},"author":1,"featured_media":0,"parent":0,"menu_order":0,"comment_status":"closed","ping_status":"closed","template":"","meta":{"footnotes":""},"class_list":["post-992","page","type-page","status-publish","hentry"],"blocksy_meta":[],"jetpack_sharing_enabled":true,"_links":{"self":[{"href":"https:\/\/champagneactie.lionsalmerehelpen.nl\/de\/wp-json\/wp\/v2\/pages\/992","targetHints":{"allow":["GET"]}}],"collection":[{"href":"https:\/\/champagneactie.lionsalmerehelpen.nl\/de\/wp-json\/wp\/v2\/pages"}],"about":[{"href":"https:\/\/champagneactie.lionsalmerehelpen.nl\/de\/wp-json\/wp\/v2\/types\/page"}],"author":[{"embeddable":true,"href":"https:\/\/champagneactie.lionsalmerehelpen.nl\/de\/wp-json\/wp\/v2\/users\/1"}],"replies":[{"embeddable":true,"href":"https:\/\/champagneactie.lionsalmerehelpen.nl\/de\/wp-json\/wp\/v2\/comments?post=992"}],"version-history":[{"count":4,"href":"https:\/\/champagneactie.lionsalmerehelpen.nl\/de\/wp-json\/wp\/v2\/pages\/992\/revisions"}],"predecessor-version":[{"id":1007,"href":"https:\/\/champagneactie.lionsalmerehelpen.nl\/de\/wp-json\/wp\/v2\/pages\/992\/revisions\/1007"}],"wp:attachment":[{"href":"https:\/\/champagneactie.lionsalmerehelpen.nl\/de\/wp-json\/wp\/v2\/media?parent=992"}],"curies":[{"name":"wp","href":"https:\/\/api.w.org\/{rel}","templated":true}]}}