{"id":996,"date":"2025-03-23T14:33:31","date_gmt":"2025-03-23T13:33:31","guid":{"rendered":"https:\/\/champagneactie.lionsalmerehelpen.nl\/?page_id=996"},"modified":"2025-03-23T15:08:52","modified_gmt":"2025-03-23T14:08:52","slug":"denis-frezier","status":"publish","type":"page","link":"https:\/\/champagneactie.lionsalmerehelpen.nl\/de\/denis-frezier\/","title":{"rendered":"Denis FR\u00c9ZIER"},"content":{"rendered":"<div data-elementor-type=\"wp-page\" data-elementor-id=\"996\" class=\"elementor elementor-996\">\n\t\t\t\t<div class=\"elementor-element elementor-element-4c7e9df e-flex e-con-boxed e-con e-parent\" data-id=\"4c7e9df\" data-element_type=\"container\">\n\t\t\t\t\t<div class=\"e-con-inner\">\n\t\t\t\t<div class=\"elementor-element elementor-element-1918ed7 elementor-widget elementor-widget-heading\" data-id=\"1918ed7\" data-element_type=\"widget\" data-widget_type=\"heading.default\">\n\t\t\t\t<div class=\"elementor-widget-container\">\n\t\t\t\t\t<h2 class=\"elementor-heading-title elementor-size-default\">Denis Fr\u00e9zier<\/h2>\t\t\t\t<\/div>\n\t\t\t\t<\/div>\n\t\t\t\t\t<\/div>\n\t\t\t\t<\/div>\n\t\t<div class=\"elementor-element elementor-element-72d18da e-flex e-con-boxed e-con e-parent\" data-id=\"72d18da\" data-element_type=\"container\">\n\t\t\t\t\t<div class=\"e-con-inner\">\n\t\t\t\t<div class=\"elementor-element elementor-element-d287ff3 elementor-widget elementor-widget-image\" data-id=\"d287ff3\" data-element_type=\"widget\" data-widget_type=\"image.default\">\n\t\t\t\t<div class=\"elementor-widget-container\">\n\t\t\t\t\t\t\t\t\t\t\t\t\t\t\t<img fetchpriority=\"high\" decoding=\"async\" width=\"900\" height=\"530\" src=\"https:\/\/champagneactie.lionsalmerehelpen.nl\/wp-content\/uploads\/2025\/03\/vieuxmonthelon.webp\" class=\"attachment-large size-large wp-image-1028\" alt=\"\" srcset=\"https:\/\/champagneactie.lionsalmerehelpen.nl\/wp-content\/uploads\/2025\/03\/vieuxmonthelon.webp 900w, https:\/\/champagneactie.lionsalmerehelpen.nl\/wp-content\/uploads\/2025\/03\/vieuxmonthelon-300x177.webp 300w, https:\/\/champagneactie.lionsalmerehelpen.nl\/wp-content\/uploads\/2025\/03\/vieuxmonthelon-768x452.webp 768w, https:\/\/champagneactie.lionsalmerehelpen.nl\/wp-content\/uploads\/2025\/03\/vieuxmonthelon-600x353.webp 600w\" sizes=\"(max-width: 900px) 100vw, 900px\" \/>\t\t\t\t\t\t\t\t\t\t\t\t\t\t\t<\/div>\n\t\t\t\t<\/div>\n\t\t\t\t\t<\/div>\n\t\t\t\t<\/div>\n\t\t<div class=\"elementor-element elementor-element-1e4bfc3 e-flex e-con-boxed e-con e-parent\" data-id=\"1e4bfc3\" data-element_type=\"container\">\n\t\t\t\t\t<div class=\"e-con-inner\">\n\t\t\t\t<div class=\"elementor-element elementor-element-74e8585 elementor-widget__width-initial elementor-widget elementor-widget-text-editor\" data-id=\"74e8585\" data-element_type=\"widget\" data-widget_type=\"text-editor.default\">\n\t\t\t\t<div class=\"elementor-widget-container\">\n\t\t\t\t\t\t\t\t\t<p>Die Geschichte der Champagne <strong>Denis FR\u00c9ZIER<\/strong> ist seit 1823 dank sieben aufeinanderfolgender Generationen von Winzern gewachsen.<br \/>Unser Haus liegt in Monthelon, zwischen dem Marne-Tal und der C\u00f4te des Blancs, und verf\u00fcgt \u00fcber etwa 6,5 \u200b\u200bHektar Weinberge in den Gemeinden Monthelon, Mancy, Chavot-Courcourt, Cramant, Grauves und Hautvillers.<br \/>S\u00e9bastien FR\u00c9ZIER, Denis\u2018 Sohn, \u00fcbernahm 2003 das Familienunternehmen und beschloss 2012, seine Champagner weiterzuentwickeln, indem er den Reichtum seiner verschiedenen Terroirs nutzte und seinen eigenen Wein vinifizierte. <br \/>Im Jahr 2016 wechselte S\u00e9bastien zu einer \u00f6kologischeren Weinbauarbeit, indem er die Zertifizierungen \u201eNachhaltiger Weinbau in der Champagne\u201c und \u201eHoher Umweltwert\u201c erhielt. Die Entwicklung der Artenvielfalt in den Weinbergparzellen und ihrer Umgebung, der v\u00f6llige Verzicht auf Herbizide zur dauerhaften Begr\u00fcnung der Reben und die Reduzierung des Aufwands beim Anbau der Reben sind die Vorreiter dieser \u00f6kologischeren Entwicklung.<br \/>Im Jahr 2020 wird die \u00f6kologische Ausrichtung durch den Beginn der Umstellung auf biologischen Weinbau forciert. Seit 2023 sind unsere Reben AB Viticulture Biologique zertifiziert.<\/p>\t\t\t\t\t\t\t\t<\/div>\n\t\t\t\t<\/div>\n\t\t\t\t\t<\/div>\n\t\t\t\t<\/div>\n\t\t\t\t<\/div>","protected":false},"excerpt":{"rendered":"<p>Denis Fr\u00e9zier De geschiedenis van Champagne Denis FR\u00c9ZIER is sinds 1823 gegroeid dankzij zeven opeenvolgende generaties wijnbouwers.Gelegen in Monthelon, tussen de Marne-vallei en de C\u00f4te des Blancs, heeft ons huis ongeveer 6,5 ha wijngaarden in de gemeenten Monthelon, Mancy, Chavot-Courcourt, Cramant, Grauves en Hautvillers.S\u00e9bastien FR\u00c9ZIER, de zoon van Denis, nam het familiebedrijf in 2003 over [&hellip;]<\/p>","protected":false},"author":1,"featured_media":0,"parent":0,"menu_order":0,"comment_status":"closed","ping_status":"closed","template":"","meta":{"footnotes":""},"class_list":["post-996","page","type-page","status-publish","hentry"],"blocksy_meta":[],"jetpack_sharing_enabled":true,"_links":{"self":[{"href":"https:\/\/champagneactie.lionsalmerehelpen.nl\/de\/wp-json\/wp\/v2\/pages\/996","targetHints":{"allow":["GET"]}}],"collection":[{"href":"https:\/\/champagneactie.lionsalmerehelpen.nl\/de\/wp-json\/wp\/v2\/pages"}],"about":[{"href":"https:\/\/champagneactie.lionsalmerehelpen.nl\/de\/wp-json\/wp\/v2\/types\/page"}],"author":[{"embeddable":true,"href":"https:\/\/champagneactie.lionsalmerehelpen.nl\/de\/wp-json\/wp\/v2\/users\/1"}],"replies":[{"embeddable":true,"href":"https:\/\/champagneactie.lionsalmerehelpen.nl\/de\/wp-json\/wp\/v2\/comments?post=996"}],"version-history":[{"count":10,"href":"https:\/\/champagneactie.lionsalmerehelpen.nl\/de\/wp-json\/wp\/v2\/pages\/996\/revisions"}],"predecessor-version":[{"id":1034,"href":"https:\/\/champagneactie.lionsalmerehelpen.nl\/de\/wp-json\/wp\/v2\/pages\/996\/revisions\/1034"}],"wp:attachment":[{"href":"https:\/\/champagneactie.lionsalmerehelpen.nl\/de\/wp-json\/wp\/v2\/media?parent=996"}],"curies":[{"name":"wp","href":"https:\/\/api.w.org\/{rel}","templated":true}]}}